{"id":13360,"date":"2024-01-30T14:31:09","date_gmt":"2024-01-30T18:31:09","guid":{"rendered":"https:\/\/iwantmyhealthback.com\/product\/nano-soma-fluessig-3er-pack\/"},"modified":"2025-05-16T05:48:58","modified_gmt":"2025-05-16T09:48:58","slug":"nano-soma-fluessig-3er-pack","status":"publish","type":"product","link":"https:\/\/iwantmyhealthback.com\/de\/product\/nano-soma-fluessig-3er-pack\/","title":{"rendered":"NANO SOMA\u00ae Fl\u00fcssig &#8211; 3er-Pack"},"content":{"rendered":"<p>NANO <sup>SOMA\u00ae<\/sup> Liquid ist eine <i>Revolution<\/i> f\u00fcr Ihre Gesundheit.<\/p>\n<p>Sind Sie auf der Suche nach einem einfachen, ganz nat\u00fcrlichen und wirkungsvollen Mittel, um Ihren K\u00f6rper <i>auf ganz neue Weise<\/i> zu unterst\u00fctzen <i>?<\/i><\/p>\n<p>NANO SOMA veranlasst den K\u00f6rper dazu:<\/p>\n<ul>\n<li>Produzieren Sie k\u00f6rpereigenes Vitamin C<\/li>\n<li>Den Vitamin-D-Rezeptor regulieren<\/li>\n<li>Reguliert alle 48\/9 nuklearen Rezeptoren<\/li>\n<li>F\u00f6rderung des gesunden Alterns* durch neuartige Telomerunterst\u00fctzung<\/li>\n<li>F\u00f6rdern Sie eine starke Immunit\u00e4t*.<\/li>\n<\/ul>\n<p>Doch NANO SOMA ist ein Lebensmittel, kein Medikament, und seine Inhaltsstoffe werden von der FDA als GRAS (Generally Recognized as Safe) eingestuft.<\/p>\n<hr>\n<p class=\"text-center\" style=\"text-align: center;\"><b>&#8220;Eine Substanz, die die normale Funktion des Systems <i>beeintr\u00e4chtigt <\/i>, ist ein Medikament; eine Substanz, die <i>die <\/i>normale Funktion des Systems <i>wiederherstellt <\/i>, ist ein N\u00e4hrstoff.&#8221;  <\/b><\/p>\n<p class=\"text-center\" style=\"text-align: center;\"><i>Dr. Raghavan<\/i>, Sch\u00f6pfer von NANO SOMA.<\/p>\n<hr>\n<p><u>Was ist NANO SOMA?<\/u><\/p>\n<p>NANO SOMA ist der Markenname f\u00fcr <sup>Metadichol\u00ae<\/sup>. Metadichol ist eine weithin <a href=\"https:\/\/iwantmyhealthback.com\/de\/weltweite-patente\/\">patentierte<\/a> Nano-Emulsion langkettiger Alkohole, die als <i>Policosanol<\/i> bekannt sind <i>&#8211;<\/i> eine nat\u00fcrliche Substanz, die unseren Nahrungsmitteln bei der Raffination entzogen wird. <\/p>\n<p>NANO SOMA ist wie der <b>fehlende Schl\u00fcssel zur optimalen Gesundheit unseres K\u00f6rpers<\/b>, von dem wir nicht wussten, dass er fehlt, bis er auftauchte.<\/p>\n<p><u>Revolution der Gesundheit<\/u><\/p>\n<p>Da NANO SOMA aus Nahrungsmitteln hergestellt wird, reagiert der K\u00f6rper in erstaunlicher Weise darauf. Anstatt in die nat\u00fcrlichen Prozesse einzugreifen, <i>erinnert<\/i> NANO SOMA den K\u00f6rper <i>daran,<\/i> wie er optimal funktionieren kann. <\/p>\n<p>Sein Hauptbestandteil, Metadichol, reguliert erwiesenerma\u00dfen <a href=\"https:\/\/www.researchgate.net\/publication\/361666714_Title_MetadicholR_is_a_nano_lipid_emulsion_that_expresses_all_48_nuclear_receptors_in_stem_and_somatic_cells\" target=\"_blank\" rel=\"noopener\"><b>alle 48\/9 nuklearen Rezeptoren zu regulieren<\/b><\/a> im Zellkern zu regulieren und sie zu schaffen, wenn sie vorher nicht vorhanden waren.<\/p>\n<p>Das bedeutet, dass Ihr K\u00f6rper in Gegenwart von NANO SOMA in der Lage ist, das zu produzieren, was er f\u00fcr eine ideale Gesundheit ben\u00f6tigt &#8211; seien es gesunde Gene, Zellen und DNA oder eine starke Immunit\u00e4t und robuste Stoffwechsel- und Heilungsprozesse.*<\/p>\n<p><u>Empfehlungen und Mahnungen<\/u><\/p>\n<p>Noch einmal: NANO SOMA heilt, kuriert oder behandelt <i>nichts.<\/i> Vielmehr <b>regt es die nat\u00fcrlichen Heilungsmechanismen des K\u00f6rpers an.<\/b><\/p>\n<p>Eine konsequente Anwendung ist der Schl\u00fcssel. Wenn Sie einmal t\u00e4glich 5 Sprays einnehmen (zur Erhaltung Ihrer Gesundheit), reicht jede Flasche etwa 1 Monat. Wenn Sie Ihre Reise mit NANO SOMA. gerade erst beginnen, empfehlen wir Ihnen daher <b><u>empfehlen wir den Kauf von mindestens 3 Flaschen<\/u><\/b>.  <\/p>\n<p>Es wird im Allgemeinen empfohlen, 90 Tage lang einzunehmen, bevor Sie ein Ergebnis erwarten k\u00f6nnen. Daher sollten Sie bei Ihrer ersten Bestellung mindestens 3 Flaschen kaufen, um Ihre Reise mit NANO SOMA zu unterst\u00fctzen.<\/p>\n<p>__<\/p>\n<p><strong>Zutaten:<\/strong><strong> <\/strong>Wasser, Vitamin E TPGS, Policosanole, Konservierungsmittel (Kaliumsorbat), S\u00e4ureregulator (Zitronens\u00e4ure), Emulgator (Sucroseester von Fetts\u00e4uren)<\/p>\n<p>__<\/p>\n<p><i>Bitte haben Sie Verst\u00e4ndnis daf\u00fcr, dass weder die Unternehmen, die Produkte auf Metadichol-Basis anbieten, noch die Direktoren oder Anteilseigner dieser Unternehmen \u00c4rzte sind und keinen medizinischen Rat erteilen. F\u00fcr eine medizinische Beratung wenden Sie sich bitte an Ihren Arzt.  Au\u00dferdem sind diese Produkte nicht dazu gedacht, Krankheiten zu diagnostizieren, zu behandeln, zu heilen oder zu verhindern. Vielmehr stimulieren sie die nat\u00fcrlichen Heilungsmechanismen des K\u00f6rpers, die viel umfassender sind, als die meisten von uns wahrhaben wollen. <\/i><\/p>\n<div style=\"text-align: center;\"><\/div>\n<div class=\"row\"  id=\"row-2048110658\">\n\n\t<div id=\"col-2138064650\" class=\"col small-12 large-12\"  >\n\t\t\t\t<div class=\"col-inner\"  >\n\t\t\t\n\t<div class=\"is-border\"\n\t\tstyle=\"border-color:rgb(204, 204, 204);border-width:1px 1px 1px 1px;\">\n\t<\/div>\n\t\t\t\n\t<div id=\"text-1571113783\" class=\"text\">\n\t\t\n<p>*Diese Aussage wurde nicht von der Food and Drug Administration bewertet. Dieses Produkt ist nicht dazu bestimmt, Krankheiten zu diagnostizieren oder zu verschreiben, noch solche Krankheiten zu verhindern, zu behandeln, zu lindern oder zu heilen. Wenn Sie eine Krankheit oder einen medizinischen Zustand haben, wenden Sie sich an Ihren Arzt.  <\/p>\n<p>Zeugnisse, Aussagen und Meinungen, die auf unserer Website pr\u00e4sentiert werden, gelten f\u00fcr die abgebildeten Personen und sind von diesen autorisiert. Die Ergebnisse k\u00f6nnen variieren und sind m\u00f6glicherweise nicht repr\u00e4sentativ f\u00fcr die Erfahrungen anderer.<\/p>\n\t\t\n<style>\n#text-1571113783 {\n  font-size: 0.75rem;\n  text-align: left;\n}\n<\/style>\n\t<\/div>\n\t\n\t\t<\/div>\n\t\t\t\t\n<style>\n#col-2138064650 > .col-inner {\n  padding: 20px 20px 20px 20px;\n}\n<\/style>\n\t<\/div>\n\n\t\n<\/div>\n","protected":false},"excerpt":{"rendered":"<p>NANO <sup>SOMA\u00ae<\/sup> Liquid ist eine <i>Revolution<\/i> f\u00fcr Ihre Gesundheit.<\/p>\n<p>Sind Sie auf der Suche nach einem einfachen, ganz nat\u00fcrlichen und wirkungsvollen Mittel, um Ihren K\u00f6rper <i>auf ganz neue Weise<\/i> zu unterst\u00fctzen <i>?<\/i><\/p>\n<p>NANO SOMA veranlasst den K\u00f6rper dazu:<\/p>\n<ul>\n<li>Produzieren Sie k\u00f6rpereigenes Vitamin C<\/li>\n<li>Den Vitamin-D-Rezeptor regulieren<\/li>\n<li>Reguliert alle 48\/9 nuklearen Rezeptoren<\/li>\n<li>F\u00f6rderung des gesunden Alterns* durch neuartige Telomerunterst\u00fctzung<\/li>\n<li>F\u00f6rdern Sie eine starke Immunit\u00e4t*.<\/li>\n<\/ul>\n<p>Doch NANO SOMA ist ein Lebensmittel, kein Medikament, und seine Inhaltsstoffe werden von der FDA als GRAS (Generally Recognized as Safe) eingestuft.<\/p>\n","protected":false},"featured_media":13346,"comment_status":"open","ping_status":"closed","template":"","meta":{"bwfblock_default_font":"","_uag_custom_page_level_css":""},"product_brand":[],"product_cat":[1498],"product_tag":[1500],"class_list":{"0":"post-13360","1":"product","2":"type-product","3":"status-publish","4":"has-post-thumbnail","6":"product_cat-3-pack-de","7":"product_tag-nano-soma-flussig","9":"first","10":"instock","11":"sale","12":"taxable","13":"shipping-taxable","14":"purchasable","15":"product-type-simple"},"uagb_featured_image_src":{"full":["https:\/\/iwantmyhealthback.com\/wp-content\/uploads\/2024\/01\/USNS3PACKBottlesGradient20Nov2023.png",1142,1286,false],"thumbnail":["https:\/\/iwantmyhealthback.com\/wp-content\/uploads\/2024\/01\/USNS3PACKBottlesGradient20Nov2023-150x150.png",150,150,true],"medium":["https:\/\/iwantmyhealthback.com\/wp-content\/uploads\/2024\/01\/USNS3PACKBottlesGradient20Nov2023-266x300.png",266,300,true],"medium_large":["https:\/\/iwantmyhealthback.com\/wp-content\/uploads\/2024\/01\/USNS3PACKBottlesGradient20Nov2023-768x865.png",768,865,true],"large":["https:\/\/iwantmyhealthback.com\/wp-content\/uploads\/2024\/01\/USNS3PACKBottlesGradient20Nov2023-909x1024.png",909,1024,true],"1536x1536":["https:\/\/iwantmyhealthback.com\/wp-content\/uploads\/2024\/01\/USNS3PACKBottlesGradient20Nov2023.png",1142,1286,false],"2048x2048":["https:\/\/iwantmyhealthback.com\/wp-content\/uploads\/2024\/01\/USNS3PACKBottlesGradient20Nov2023.png",1142,1286,false],"woocommerce_thumbnail":["https:\/\/iwantmyhealthback.com\/wp-content\/uploads\/2024\/01\/USNS3PACKBottlesGradient20Nov2023-300x338.png",300,338,true],"woocommerce_single":["https:\/\/iwantmyhealthback.com\/wp-content\/uploads\/2024\/01\/USNS3PACKBottlesGradient20Nov2023-510x574.png",510,574,true],"woocommerce_gallery_thumbnail":["https:\/\/iwantmyhealthback.com\/wp-content\/uploads\/2024\/01\/USNS3PACKBottlesGradient20Nov2023-100x100.png",100,100,true]},"uagb_author_info":{"display_name":"IWantMyHealthBack","author_link":"https:\/\/iwantmyhealthback.com\/de\/author\/"},"uagb_comment_info":0,"uagb_excerpt":"NANO SOMA\u00ae Liquid ist eine Revolution f\u00fcr Ihre Gesundheit. Sind Sie auf der Suche nach einem einfachen, ganz nat\u00fcrlichen und wirkungsvollen Mittel, um Ihren K\u00f6rper auf ganz neue Weise zu unterst\u00fctzen ? NANO SOMA veranlasst den K\u00f6rper dazu: Produzieren Sie k\u00f6rpereigenes Vitamin C Den Vitamin-D-Rezeptor regulieren Reguliert alle 48\/9 nuklearen Rezeptoren F\u00f6rderung des gesunden Alterns*&hellip;","_links":{"self":[{"href":"https:\/\/iwantmyhealthback.com\/de\/wp-json\/wp\/v2\/product\/13360","targetHints":{"allow":["GET"]}}],"collection":[{"href":"https:\/\/iwantmyhealthback.com\/de\/wp-json\/wp\/v2\/product"}],"about":[{"href":"https:\/\/iwantmyhealthback.com\/de\/wp-json\/wp\/v2\/types\/product"}],"replies":[{"embeddable":true,"href":"https:\/\/iwantmyhealthback.com\/de\/wp-json\/wp\/v2\/comments?post=13360"}],"wp:featuredmedia":[{"embeddable":true,"href":"https:\/\/iwantmyhealthback.com\/de\/wp-json\/wp\/v2\/media\/13346"}],"wp:attachment":[{"href":"https:\/\/iwantmyhealthback.com\/de\/wp-json\/wp\/v2\/media?parent=13360"}],"wp:term":[{"taxonomy":"product_brand","embeddable":true,"href":"https:\/\/iwantmyhealthback.com\/de\/wp-json\/wp\/v2\/product_brand?post=13360"},{"taxonomy":"product_cat","embeddable":true,"href":"https:\/\/iwantmyhealthback.com\/de\/wp-json\/wp\/v2\/product_cat?post=13360"},{"taxonomy":"product_tag","embeddable":true,"href":"https:\/\/iwantmyhealthback.com\/de\/wp-json\/wp\/v2\/product_tag?post=13360"}],"curies":[{"name":"wp","href":"https:\/\/api.w.org\/{rel}","templated":true}]}}