{"id":12912,"date":"2024-10-16T03:45:03","date_gmt":"2024-10-16T07:45:03","guid":{"rendered":"https:\/\/iwantmyhealthback.com\/seans-nano-soma-erfahrungsbericht\/"},"modified":"2025-05-21T08:45:02","modified_gmt":"2025-05-21T12:45:02","slug":"seans-nano-soma-erfahrungsbericht","status":"publish","type":"page","link":"https:\/\/iwantmyhealthback.com\/de\/seans-nano-soma-erfahrungsbericht\/","title":{"rendered":"Sean&#8217;s NANO SOMA Erfahrungsbericht"},"content":{"rendered":"\n\n\t<section class=\"section\" id=\"section_1853200973\">\n\t\t<div class=\"section-bg fill\" >\n\t\t\t\t\t\t\t\t\t\n\t\t\t\n\n\t\t<\/div>\n\n\t\t\n\n\t\t<div class=\"section-content relative\">\n\t\t\t\n\n<div class=\"row align-middle align-center\"  id=\"row-892607587\">\n\n\n\t<div id=\"col-2061558157\" class=\"col medium-10 small-12 large-10\"  >\n\t\t\t\t<div class=\"col-inner text-center\"  >\n\t\t\t\n\t\t\t\n\n\t<div id=\"text-4166190757\" class=\"text hide-for-small\">\n\t\t\n\n<h1 style=\"font-size: 40px\">Sean&#8217;s NANO SOMA\u00ae Erfahrungsbericht<\/h1>\n<p style=\"font-size:22px\">Die Bedeutung der t\u00e4glichen Einnahme von NANO SOMA\u00ae<\/p>\n\n\t\t\n<style>\n#text-4166190757 {\n  font-size: 1.6rem;\n}\n@media (min-width:550px) {\n  #text-4166190757 {\n    font-size: 2.4rem;\n  }\n}\n<\/style>\n\t<\/div>\n\t\n\t<div id=\"text-545974892\" class=\"text show-for-small\">\n\t\t\n\n<h1 style=\"font-size: 25px\">Sean&#8217;s NANO <sup>SOMA\u00ae<\/sup> Erfahrungsbericht<\/h1>\n<p style=\"font-size:15px\">Die Bedeutung der t\u00e4glichen Einnahme von NANO <sup>SOMA\u00ae<\/sup> <\/p>\n\t\t\n<style>\n#text-545974892 {\n  font-size: 1.6rem;\n}\n@media (min-width:550px) {\n  #text-545974892 {\n    font-size: 2.4rem;\n  }\n}\n<\/style>\n\t<\/div>\n\t\n\n\n<div style=\"padding:45.36% 0 0 0;position:relative;\"><iframe src=\"https:\/\/player.vimeo.com\/video\/853261799?h=699cd07194\" style=\"position:absolute;top:0;left:0;width:100%;height:100%;\" frameborder=\"0\" allow=\"autoplay; fullscreen; picture-in-picture\" allowfullscreen=\"\"><\/iframe><\/div><script src=\"https:\/\/player.vimeo.com\/api\/player.js\"><\/script>\n\n\t<div id=\"gap-1556833497\" class=\"gap-element clearfix\" style=\"display:block; height:auto;\">\n\t\t\n<style>\n#gap-1556833497 {\n  padding-top: 30px;\n}\n<\/style>\n\t<\/div>\n\t\n\n<a href=\"https:\/\/iwantmyhealthback.com\/de\/jetzt-einkaufen\/\" target=\"_blank\" class=\"button primary is-xlarge hide-for-small\" rel=\"noopener\" >\n\t\t<span>JETZT EINKAUFEN<\/span>\n\t<\/a>\n\n\n<a href=\"https:\/\/magicdichol.info\/products\/#nanosoma\" target=\"_blank\" class=\"button primary is-larger expand show-for-small\" rel=\"noopener\">\n\t\t<span>NANO SOMA SHOP<\/span>\n\t<\/a>\n\n\n\t<div id=\"text-1496737596\" class=\"text\">\n\t\t\n\n<p>Die t\u00e4gliche Einnahme von NANO SOMA\u00ae, wie sie Sean vornimmt, ist von entscheidender Bedeutung, auch wenn Sie bereits gesund sind oder Ihre Gesundheitsziele erreicht haben, da NANO SOMA:<\/p>\n<ul>\n<li><span style=\"font-size: 115%;\">Bringt den K\u00f6rper dazu, sein eigenes Vitamin C zu produzieren und st\u00e4rkt so die nat\u00fcrliche Immunit\u00e4t*.<\/span><\/li>\n<li><span style=\"font-size: 115%;\">Reguliert alle Kernrezeptoren des K\u00f6rpers, wie z.B. die Schilddr\u00fcse oder den Vitamin D-Rezeptor, und unterst\u00fctzt so das Gleichgewicht im ganzen K\u00f6rper<\/span><\/li>\n<li><span style=\"font-size: 115%;\">Tiefgreifende Unterst\u00fctzung f\u00fcr die Erhaltung der Jugend und die Umkehrung der Auswirkungen der biologischen Alterung*.<\/span><\/li>\n<li><span style=\"font-size: 115%;\">Erh\u00e4lt die gesunde DNA durch Unterst\u00fctzung der zellul\u00e4ren Gesundheit und Optimierung der Genomfunktion*.<\/span><\/li>\n<li><span style=\"font-size: 115%;\">Hilft bei der Bew\u00e4ltigung von Gesundheitsproblemen, derer wir uns vielleicht gar nicht bewusst sind<\/span><\/li>\n<\/ul>\n<p>Indem Sie NANO SOMA in Ihre t\u00e4gliche Routine integrieren, stellen Sie sicher, dass Ihr K\u00f6rper energetisiert und vital bleibt und in der Lage ist, sein allgemeines Wohlbefinden aufrechtzuerhalten, unabh\u00e4ngig von Ihrem aktuellen Gesundheitszustand.<\/p>\n\n\t\t\n<style>\n#text-1496737596 {\n  font-size: 1rem;\n  text-align: left;\n}\n@media (min-width:550px) {\n  #text-1496737596 {\n    font-size: 1.3rem;\n  }\n}\n<\/style>\n\t<\/div>\n\t\n<a href=\"https:\/\/iwantmyhealthback.com\/de\/product\/nano-soma-fluessig\/\" target=\"_blank\" class=\"button primary is-xlarge hide-for-small\" rel=\"noopener\">\n\t\t<span>NANO SOMA SHOP<\/span>\n\t<\/a>\n\n\n\t<div id=\"text-3893489708\" class=\"text\">\n\t\t\n\n<p>NANO SOMA hilft Ihrem K\u00f6rper von innen nach au\u00dfen. Haben Sie unsere NANO SOMA Hautcreme oder unser NANO SOMA Topical Gel noch nicht ausprobiert? Probieren Sie sie noch heute aus und erleben Sie den Unterschied!  <\/p>\n\t\t\n<style>\n#text-3893489708 {\n  font-size: 1.3rem;\n  text-align: left;\n}\n<\/style>\n\t<\/div>\n\t\n<a href=\"https:\/\/iwantmyhealthback.com\/de\/jetzt-einkaufen\/\" class=\"button primary is-xlarge hide-for-small\">\n\t\t<span>ZUM STORE GEHEN<\/span>\n\t<\/a>\n\n\n<a href=\"https:\/\/magicdichol.info\/shop-now\" class=\"button primary is-larger expand show-for-small\" target=\"_blank\" rel=\"noopener\">\n\t\t<span>JETZT EINKAUFEN<\/span>\n\t<\/a>\n\n\n\n\t\t<\/div>\n\t\t\t\t\n<style>\n#col-2061558157 > .col-inner {\n  padding: 0px 0px 0px 0px;\n}\n<\/style>\n\t<\/div>\n\n\t\n\n<\/div>\n\n\t\t<\/div>\n\n\t\t\n<style>\n#section_1853200973 {\n  padding-top: 30px;\n  padding-bottom: 30px;\n}\n<\/style>\n\t<\/section>\n\t\n\n","protected":false},"excerpt":{"rendered":"","protected":false},"author":2,"featured_media":0,"parent":0,"menu_order":0,"comment_status":"closed","ping_status":"closed","template":"","meta":{"bwfblock_default_font":"","_uag_custom_page_level_css":"","footnotes":""},"class_list":["post-12912","page","type-page","status-publish","hentry"],"uagb_featured_image_src":{"full":false,"thumbnail":false,"medium":false,"medium_large":false,"large":false,"1536x1536":false,"2048x2048":false,"woocommerce_thumbnail":false,"woocommerce_single":false,"woocommerce_gallery_thumbnail":false},"uagb_author_info":{"display_name":"IWantMyHealthBack","author_link":"https:\/\/iwantmyhealthback.com\/de\/author\/anthonette\/"},"uagb_comment_info":0,"uagb_excerpt":null,"_links":{"self":[{"href":"https:\/\/iwantmyhealthback.com\/de\/wp-json\/wp\/v2\/pages\/12912","targetHints":{"allow":["GET"]}}],"collection":[{"href":"https:\/\/iwantmyhealthback.com\/de\/wp-json\/wp\/v2\/pages"}],"about":[{"href":"https:\/\/iwantmyhealthback.com\/de\/wp-json\/wp\/v2\/types\/page"}],"author":[{"embeddable":true,"href":"https:\/\/iwantmyhealthback.com\/de\/wp-json\/wp\/v2\/users\/2"}],"replies":[{"embeddable":true,"href":"https:\/\/iwantmyhealthback.com\/de\/wp-json\/wp\/v2\/comments?post=12912"}],"version-history":[{"count":0,"href":"https:\/\/iwantmyhealthback.com\/de\/wp-json\/wp\/v2\/pages\/12912\/revisions"}],"wp:attachment":[{"href":"https:\/\/iwantmyhealthback.com\/de\/wp-json\/wp\/v2\/media?parent=12912"}],"curies":[{"name":"wp","href":"https:\/\/api.w.org\/{rel}","templated":true}]}}