{"id":12899,"date":"2024-01-22T16:47:54","date_gmt":"2024-01-22T20:47:54","guid":{"rendered":"https:\/\/iwantmyhealthback.com\/bedingungen-und-konditionen\/"},"modified":"2025-05-21T03:09:08","modified_gmt":"2025-05-21T07:09:08","slug":"bedingungen-und-konditionen","status":"publish","type":"page","link":"https:\/\/iwantmyhealthback.com\/de\/bedingungen-und-konditionen\/","title":{"rendered":"Bedingungen und Konditionen"},"content":{"rendered":"\n\n\t<section class=\"section\" id=\"section_455400176\">\n\t\t<div class=\"section-bg fill\" >\n\t\t\t\t\t\t\t\t\t\n\t\t\t\n\n\t\t<\/div>\n\n\t\t\n\n\t\t<div class=\"section-content relative\">\n\t\t\t\n\n<div class=\"row\"  id=\"row-518801425\">\n\n\n\t<div id=\"col-124226104\" class=\"col small-12 large-12\"  >\n\t\t\t\t<div class=\"col-inner\"  >\n\t\t\t\n\t\t\t\n\n\t<div id=\"text-3999918368\" class=\"text\">\n\t\t\n\n<h1><span style=\"font-size: 130%;\">Bedingungen f\u00fcr die Nutzung der Website<\/span><\/h1>\n<p>Erkl\u00e4rung zur Nutzung der Website<\/p>\n<p>Geltungsbereich dieser Erkl\u00e4rung &#8212; Indem Sie die Website, von der aus Sie auf diese Erkl\u00e4rung gelangt sind, betreten und weiter nutzen, erkl\u00e4ren Sie sich mit den Bedingungen dieser Erkl\u00e4rung einverstanden. Diese Datenschutz-\/Informationserkl\u00e4rung wurde von <b>IWantmyHealthBack.Com<\/b> angenommen <b>.<\/b> <\/p>\n<p>.<\/p>\n<p>Die Organisation beh\u00e4lt sich alle Rechte vor.<\/p>\n<p>Weder sie noch das sonstige Personal der Organisation d\u00fcrfen medizinische Beschwerden oder Krankheiten diagnostizieren oder behandeln. Personen, die medizinische Hilfe ben\u00f6tigen, sollten einen zugelassenen Arzt aufsuchen. <\/p>\n<p>Die Inhalte der mit dieser Erkl\u00e4rung verlinkten Websites sind nur f\u00fcr L\u00e4nder bestimmt, in denen die Bereitstellung solcher Informationen rechtm\u00e4\u00dfig ist.<\/p>\n<p>Der Zugang zu und die Nutzung dieser Website unterliegen den folgenden Bedingungen und allen geltenden Gesetzen. Sie k\u00f6nnen diese Website zur pers\u00f6nlichen Unterhaltung und Information nutzen. Bitte verbreiten, ver\u00e4ndern, \u00fcbertragen oder \u00fcberarbeiten Sie den Inhalt dieser Website jedoch nicht ohne unsere schriftliche Genehmigung. Die Inhalte der Websites, die mit dieser Erkl\u00e4rung verlinkt sind, enthalten urheberrechtlich gesch\u00fctztes Material, das entweder mit Genehmigung verwendet oder im Rahmen der Fair Use-Ausnahme angeboten wird.   <\/p>\n<p>Wir \u00fcbernehmen keine Gew\u00e4hr f\u00fcr die Richtigkeit oder Vollst\u00e4ndigkeit des Inhalts dieser Website oder des Inhalts von Websites, die mit dieser Website verlinkt sind, und geben auch keine Zusicherungen ab. Weder die Organisation noch eine ihrer Tochtergesellschaften haften f\u00fcr direkte, zuf\u00e4llige, indirekte oder Folgesch\u00e4den, die sich aus dem Zugang zu oder der Nutzung von Inhalten dieser Website oder dem Inhalt einer oder mehrerer mit dieser Website verlinkten Websites ergeben. <\/p>\n<p>Alle Mitteilungen oder Materialien, die Sie uns \u00fcber das Internet \u00fcbermitteln, werden als nicht vertraulich und nicht urheberrechtlich gesch\u00fctzt behandelt (mit Ausnahme der in der Datenschutzrichtlinie genannten F\u00e4lle). Indem Sie Mitteilungen oder Material an diese Seiten \u00fcbermitteln oder posten, erkl\u00e4ren Sie sich damit einverstanden, dass die Organisation oder eines ihrer verbundenen Unternehmen Ihre Mitteilungen oder Ihr Material f\u00fcr jeden Zweck verwenden darf, einschlie\u00dflich der Vervielf\u00e4ltigung, \u00dcbertragung, Ver\u00f6ffentlichung, Ausstrahlung und Posting. Wir sind m\u00f6glicherweise nicht in der Lage, auf alle auf dieser Website ver\u00f6ffentlichten Nachrichten zu antworten. Dar\u00fcber hinaus d\u00fcrfen Sie keine ungesetzlichen, bedrohlichen, verleumderischen, diffamierenden, obsz\u00f6nen, pornografischen oder gottesl\u00e4sterlichen Inhalte oder Inhalte, die ein strafbares oder gesetzeswidriges Verhalten darstellen oder zu einem solchen ermutigen k\u00f6nnten, ver\u00f6ffentlichen oder \u00fcbermitteln. Wir werden derartige \u00c4u\u00dferungen entfernen.    <\/p>\n<p>Alle Namen, Logos und Marken, die auf dieser Website erscheinen, sind, sofern nicht anders angegeben, Marken (Dienstleistungsmarken), die sich in unserem Besitz befinden oder von uns oder unseren Tochtergesellschaften in den L\u00e4ndern, in denen sie Produkte und Dienstleistungen mit diesen Marken vermarkten, in Lizenz verwendet werden, oder es handelt sich um eine \u201efaire Nutzung\u201c von Marken oder urheberrechtlich gesch\u00fctzten Materialien anderer. Die unrechtm\u00e4\u00dfige Verwendung oder der Missbrauch von Marken, urheberrechtlich gesch\u00fctztem Material oder anderen Inhalten auf dieser Website ist strengstens untersagt, es sei denn, dies ist in diesen Nutzungsbedingungen oder im Inhalt der Website vorgesehen. Mit dem Betreten dieser Website erkl\u00e4ren Sie sich damit einverstanden, die Marken, das Urheberrecht und anderes gesch\u00fctztes geistiges Eigentum zu respektieren, das auf dieser Website oder auf mit ihr verbundenen Websites ver\u00f6ffentlicht wird.  <\/p>\n<p>Alle Verbrauchererfahrungen, auf die auf dieser Website verwiesen wird, wurden von den Herstellern freiwillig und ohne jegliche Anreize zur Verf\u00fcgung gestellt. Die in den Verbrauchererfahrungen genannten Ergebnisse sind m\u00f6glicherweise nicht typisch und die Ergebnisse anderer k\u00f6nnen abweichen. <\/p>\n<p>Alle Materialien Dritter, auf die Links auf diesen Seiten verweisen oder die \u00fcber diese Seiten zug\u00e4nglich sind, liegen in der alleinigen Verantwortung derjenigen, die diese Materialien zur Verf\u00fcgung stellen; diese Seite und ihre Partner billigen oder \u00fcbernehmen keine Informationen oder Behauptungen, die auf solchen Seiten Dritter enthalten sind. Wir stellen Ihnen die Links nur aus Gr\u00fcnden der Bequemlichkeit zur Verf\u00fcgung, und die Links bedeuten nicht, dass wir die Website Dritter oder deren Inhalte guthei\u00dfen. Beachten Sie, dass sich die Datenschutzrichtlinien der verlinkten Websites von unseren unterscheiden k\u00f6nnen, und Sie sollten die Bedingungen und Datenschutzrichtlinien dieser Websites lesen, bevor Sie pers\u00f6nliche Daten preisgeben.  <\/p>\n<p>Hinweis zum Digital Millennium Copyright Act (\u201eDMCA\u201c) &#8211; Materialien k\u00f6nnen \u00fcber diese Website von Dritten zur Verf\u00fcgung gestellt werden, die nicht unter unserer Kontrolle stehen. Wir sind nicht verpflichtet, Inhalte, die in Verbindung mit den Seiten verwendet werden, auf illegale oder unzul\u00e4ssige Inhalte zu \u00fcberpr\u00fcfen, und tun dies auch nicht. Wir respektieren jedoch die Urheberrechtsinteressen anderer. Es geh\u00f6rt zu unseren Grunds\u00e4tzen, dass wir nicht zulassen, dass Materialien, von denen wir wissen, dass sie das Urheberrecht einer anderen Partei verletzen, auf dieser Website verbleiben. Wenn Sie der Meinung sind, dass Materialien auf dieser Website ein Urheberrecht verletzen, sollten Sie uns eine detaillierte schriftliche Mitteilung per E-Mail an help@iwantmyhealthback.com zukommen lassen.    <\/p>\n<p>.<\/p>\n<p>Dar\u00fcber hinaus \u00fcbernimmt die Organisation keine rechtliche Haftung f\u00fcr die Richtigkeit, Vollst\u00e4ndigkeit oder N\u00fctzlichkeit der hier ver\u00f6ffentlichten Informationen, Produkte oder Verfahren sowie f\u00fcr die Freiheit von Computerviren und garantiert nicht, dass die Verwendung dieser Informationen, Produkte oder Verfahren nicht gegen private Rechte versto\u00dfen w\u00fcrde.<\/p>\n<p>Wir bieten keine Produkte oder Dienstleistungen an, die der Diagnose, Verschreibung oder Behandlung von Krankheiten, medizinischen oder psychologischen Zust\u00e4nden dienen oder deren Vorbeugung, Linderung oder Heilung versprechen. Die auf diesen Webseiten gemachten Aussagen wurden nicht von der United States Food and Drug Administration (FDA) oder einer anderen staatlichen Beh\u00f6rde gepr\u00fcft, sofern nicht ausdr\u00fccklich anders angegeben. Wir diskriminieren nicht auf der Grundlage einer ungesetzlichen Kategorisierung. Wir bieten Dienstleistungen und\/oder Produkte privat und nur mit der informierten Zustimmung des Empf\u00e4ngers an.   <\/p>\n<p>Die di\u00e4tetischen und anderen Substanzen und\/oder Materialien, Ausr\u00fcstungen oder Ger\u00e4te, die auf dieser Website besprochen werden, wurden m\u00f6glicherweise nicht von der FDA oder einer \u00e4hnlichen Beh\u00f6rde eines anderen Landes bewertet und\/oder getestet. Risiken, die durch solche Tests festgestellt werden k\u00f6nnten, sind unbekannt. Sofern es sich bei diesen Substanzen um Nahrungserg\u00e4nzungsmittel handelt, sind sie nicht dazu bestimmt, Krankheiten zu diagnostizieren, zu behandeln, zu heilen oder zu verhindern. In einigen Rechtsordnungen k\u00f6nnen einige dieser Substanzen als verschreibungspflichtige Medikamente, kontrollierte oder geschmuggelte Substanzen oder Medizinprodukte gelten. Da die auf der Website ver\u00f6ffentlichten Informationen f\u00fcr jedermann auf der ganzen Welt zug\u00e4nglich sind, gibt die Website keine rechtlichen, ern\u00e4hrungswissenschaftlichen oder medizinischen Ratschl\u00e4ge, die f\u00fcr einen bestimmten Verbraucher gelten k\u00f6nnten. Die Verbraucher werden darauf hingewiesen, dass sie sich vor dem Erwerb von Mitgliedschaften, Produkten und\/oder Dienstleistungen auf dieser Website an einen lokalen, regionalen Rechtsbeistand und\/oder an einen oder mehrere \u00c4rzte wenden sollten. Die auf dieser Website und auf Websites, auf die sie verlinkt, zum Ausdruck gebrachten Meinungen sind nicht notwendigerweise die Ansichten der sie unterst\u00fctzenden Organisation und werden nicht zu kommerziellen Zwecken \u00fcbernommen. Diese Informationen sind nicht dazu gedacht, medizinische oder psychologische Erkrankungen zu diagnostizieren oder zu verschreiben, und sie erheben auch nicht den Anspruch, solche Erkrankungen mit den \u00fcblichen medizinischen Mitteln zu verhindern, zu behandeln, zu lindern oder zu heilen. Wir bieten keine Diagnose, Pflege, Behandlung oder Rehabilitation von Personen an und wenden auch keine medizinischen, psychischen oder entwicklungspsychologischen Prinzipien an. Wenn die Produkte f\u00fcr die Kunden von Nutzen sind, so ergibt sich dieser Nutzen aus ihrem N\u00e4hrwert und nicht aus einer behaupteten Arzneimittelwirkung. Da es sich bei der Organisation um einen privaten Verein handelt, ist diese Website eine \u201eExpressive Association\u201c, die die \u00dcberzeugungen des Vereins durch seine internen Entscheidungen und Aktivit\u00e4ten zum Ausdruck bringt.          <\/p>\n<p>Wenn Sie \u00fcber die Website Dienstleistungen oder Produkte erwerben, best\u00e4tigen Sie, dass Sie dies mit informierter Zustimmung getan haben, und Sie erteilen dem Anbieter der Dienstleistungen hiermit eine private Lizenz zur Bereitstellung dieser Produkte oder Dienstleistungen.<\/p>\n\t\t\n<style>\n#text-3999918368 {\n  line-height: 2.05;\n  color: rgb(0,0,0);\n}\n#text-3999918368 > * {\n  color: rgb(0,0,0);\n}\n<\/style>\n\t<\/div>\n\t\n\n\t\t<\/div>\n\t\t\t\t\t<\/div>\n\n\t\n\n<\/div>\n<div class=\"row align-middle align-center\"  id=\"row-600891224\">\n\n\n\n<\/div>\n\n\t\t<\/div>\n\n\t\t\n<style>\n#section_455400176 {\n  padding-top: 30px;\n  padding-bottom: 30px;\n}\n<\/style>\n\t<\/section>\n\t\n\n","protected":false},"excerpt":{"rendered":"","protected":false},"author":2,"featured_media":0,"parent":0,"menu_order":0,"comment_status":"closed","ping_status":"closed","template":"","meta":{"bwfblock_default_font":"","_uag_custom_page_level_css":"","footnotes":""},"class_list":["post-12899","page","type-page","status-publish","hentry"],"uagb_featured_image_src":{"full":false,"thumbnail":false,"medium":false,"medium_large":false,"large":false,"1536x1536":false,"2048x2048":false,"woocommerce_thumbnail":false,"woocommerce_single":false,"woocommerce_gallery_thumbnail":false},"uagb_author_info":{"display_name":"IWantMyHealthBack","author_link":"https:\/\/iwantmyhealthback.com\/de\/author\/anthonette\/"},"uagb_comment_info":0,"uagb_excerpt":null,"_links":{"self":[{"href":"https:\/\/iwantmyhealthback.com\/de\/wp-json\/wp\/v2\/pages\/12899","targetHints":{"allow":["GET"]}}],"collection":[{"href":"https:\/\/iwantmyhealthback.com\/de\/wp-json\/wp\/v2\/pages"}],"about":[{"href":"https:\/\/iwantmyhealthback.com\/de\/wp-json\/wp\/v2\/types\/page"}],"author":[{"embeddable":true,"href":"https:\/\/iwantmyhealthback.com\/de\/wp-json\/wp\/v2\/users\/2"}],"replies":[{"embeddable":true,"href":"https:\/\/iwantmyhealthback.com\/de\/wp-json\/wp\/v2\/comments?post=12899"}],"version-history":[{"count":0,"href":"https:\/\/iwantmyhealthback.com\/de\/wp-json\/wp\/v2\/pages\/12899\/revisions"}],"wp:attachment":[{"href":"https:\/\/iwantmyhealthback.com\/de\/wp-json\/wp\/v2\/media?parent=12899"}],"curies":[{"name":"wp","href":"https:\/\/api.w.org\/{rel}","templated":true}]}}