{"id":12894,"date":"2025-03-06T23:23:15","date_gmt":"2025-03-07T03:23:15","guid":{"rendered":"https:\/\/iwantmyhealthback.com\/verwenden-sie-nano-soma-jeden-tag\/"},"modified":"2025-06-19T09:03:21","modified_gmt":"2025-06-19T13:03:21","slug":"verwenden-sie-nano-soma-jeden-tag","status":"publish","type":"page","link":"https:\/\/iwantmyhealthback.com\/de\/verwenden-sie-nano-soma-jeden-tag\/","title":{"rendered":"Verwenden Sie NANO SOMA\u00ae jeden Tag"},"content":{"rendered":"\n\t<div id=\"text-3562526508\" class=\"text\">\n\t\t\n\n<h1>Verwenden Sie NANO SOMA\u00ae T\u00e4glich<\/h1>\n\t\t\n<style>\n#text-3562526508 {\n  text-align: center;\n}\n<\/style>\n\t<\/div>\n\t\n<div class=\"row\"  id=\"row-1217350499\">\n\n\n\t<div id=\"col-1077173038\" class=\"col medium-2 small-12 large-2\"  >\n\t\t\t\t<div class=\"col-inner\"  >\n\t\t\t\n\t\t\t\n\n\n\t\t<\/div>\n\t\t\t\t\t<\/div>\n\n\t\n\n\t<div id=\"col-41214721\" class=\"col medium-8 small-12 large-8\"  >\n\t\t\t\t<div class=\"col-inner text-center\"  >\n\t\t\t\n\t\t\t\n\n<div class=\"video video-fit mb\" style=\"padding-top:56.25%;\"><iframe loading=\"lazy\" title=\"Use NANO SOMA\u00ae Every Day\" src=\"https:\/\/player.vimeo.com\/video\/1057144851?dnt=1&amp;app_id=122963\" width=\"1020\" height=\"574\" frameborder=\"0\" allow=\"autoplay; fullscreen; picture-in-picture; clipboard-write; encrypted-media; web-share\"><\/iframe><\/div>\n\n<a href=\"https:\/\/iwantmyhealthback.com\/de\/nano-soma-das-lebensmittel-das-wir-alle-jeden-tag-zu-uns-nehmen-sollten\/\" target=\"_blank\" class=\"button primary is-larger\" rel=\"noopener\" style=\"border-radius:10px;\">\n\t\t<span>M\u00f6chten Sie das Video in voller L\u00e4nge sehen? Klicken Sie hier <\/span>\n\t<\/a>\n\n\n<a href=\"https:\/\/iwantmyhealthback.com\/de\/jetzt-einkaufen\/\" target=\"_blank\" class=\"button primary is-larger\" rel=\"noopener\" style=\"border-radius:10px;\">\n\t\t<span>Bestellen Sie NANO SOMA\u00ae noch heute<\/span>\n\t<\/a>\n\n\n\n\t\t<\/div>\n\t\t\t\t\t<\/div>\n\n\t\n\n\t<div id=\"col-70313777\" class=\"col medium-2 small-12 large-2\"  >\n\t\t\t\t<div class=\"col-inner\"  >\n\t\t\t\n\t\t\t\n\n\n\t\t<\/div>\n\t\t\t\t\t<\/div>\n\n\t\n\n<\/div>\n\n\t<section class=\"section\" id=\"section_2116376274\">\n\t\t<div class=\"section-bg fill\" >\n\t\t\t\t\t\t\t\t\t\n\t\t\t\n\n\t\t<\/div>\n\n\t\t\n\n\t\t<div class=\"section-content relative\">\n\t\t\t\n\n<div class=\"row\"  id=\"row-1772272253\">\n\n\n\t<div id=\"col-1690384765\" class=\"col small-12 large-12\"  >\n\t\t\t\t<div class=\"col-inner text-center\"  >\n\t\t\t\n\t\t\t\n\n\t<div id=\"gap-748331510\" class=\"gap-element clearfix\" style=\"display:block; height:auto;\">\n\t\t\n<style>\n#gap-748331510 {\n  padding-top: 30px;\n}\n<\/style>\n\t<\/div>\n\t\n\n<div class=\"row\"  id=\"row-1610395875\">\n\n\n\t<div id=\"col-928921137\" class=\"col medium-6 small-12 large-6\"  >\n\t\t\t\t<div class=\"col-inner text-center\"  >\n\t\t\t\n\t<div class=\"is-border\"\n\t\tstyle=\"border-width:1px 1px 1px 1px;\">\n\t<\/div>\n\t\t\t\n\n\t<div class=\"img has-hover x md-x lg-x y md-y lg-y\" id=\"image_1573130085\">\n\t\t\t\t\t\t\t\t<div class=\"img-inner dark\" >\n\t\t\t<img loading=\"lazy\" decoding=\"async\" width=\"150\" height=\"150\" src=\"https:\/\/iwantmyhealthback.com\/wp-content\/uploads\/2025\/03\/Immune-150x150-1.webp\" class=\"attachment-original size-original\" alt=\"\" srcset=\"https:\/\/iwantmyhealthback.com\/wp-content\/uploads\/2025\/03\/Immune-150x150-1.webp 150w, https:\/\/iwantmyhealthback.com\/wp-content\/uploads\/2025\/03\/Immune-150x150-1-100x100.webp 100w\" sizes=\"auto, (max-width: 150px) 100vw, 150px\" \/>\t\t\t\t\t\t\n\t\t\t\t\t<\/div>\n\t\t\t\t\t\t\t\t\n<style>\n#image_1573130085 {\n  width: 30%;\n}\n<\/style>\n\t<\/div>\n\t\n\n\t<div id=\"text-3364531113\" class=\"text\">\n\t\t\n\n<p><strong>IMMUNSYSTEM-KRIEGER<\/strong><\/p>\n\t\t\n<style>\n#text-3364531113 {\n  font-size: 1.5rem;\n}\n<\/style>\n\t<\/div>\n\t\n\t<div id=\"text-1255499803\" class=\"text\">\n\t\t\n\n<p>St\u00e4rken Sie die nat\u00fcrlichen Abwehrkr\u00e4fte Ihres K\u00f6rpers mit einer patentierten L\u00f6sung, die Ihre Immunabwehr st\u00e4rkt.<\/p>\n\t\t\n<style>\n#text-1255499803 {\n  font-size: 0.95rem;\n}\n<\/style>\n\t<\/div>\n\t\n\n\t\t<\/div>\n\t\t\t\t\n<style>\n#col-928921137 > .col-inner {\n  padding: 10px 10px 10px 10px;\n}\n<\/style>\n\t<\/div>\n\n\t\n\n\t<div id=\"col-965845795\" class=\"col medium-6 small-12 large-6\"  >\n\t\t\t\t<div class=\"col-inner text-center\"  >\n\t\t\t\n\t<div class=\"is-border\"\n\t\tstyle=\"border-width:1px 1px 1px 1px;\">\n\t<\/div>\n\t\t\t\n\n\t<div class=\"img has-hover x md-x lg-x y md-y lg-y\" id=\"image_1096836082\">\n\t\t\t\t\t\t\t\t<div class=\"img-inner dark\" >\n\t\t\t<img loading=\"lazy\" decoding=\"async\" width=\"150\" height=\"150\" src=\"https:\/\/iwantmyhealthback.com\/wp-content\/uploads\/2025\/03\/energize-150x150-1.png\" class=\"attachment-large size-large\" alt=\"\" srcset=\"https:\/\/iwantmyhealthback.com\/wp-content\/uploads\/2025\/03\/energize-150x150-1.png 150w, https:\/\/iwantmyhealthback.com\/wp-content\/uploads\/2025\/03\/energize-150x150-1-100x100.png 100w\" sizes=\"auto, (max-width: 150px) 100vw, 150px\" \/>\t\t\t\t\t\t\n\t\t\t\t\t<\/div>\n\t\t\t\t\t\t\t\t\n<style>\n#image_1096836082 {\n  width: 30%;\n}\n<\/style>\n\t<\/div>\n\t\n\n\t<div id=\"text-864574555\" class=\"text\">\n\t\t\n\n<p><strong>IHRE ZELLEN MIT ENERGIE VERSORGEN<\/strong><\/p>\n\t\t\n<style>\n#text-864574555 {\n  font-size: 1.5rem;\n}\n<\/style>\n\t<\/div>\n\t\n\t<div id=\"text-2874317537\" class=\"text\">\n\t\t\n\n<p>Laden Sie Ihr Leben auf zellul\u00e4rer Ebene auf &#8211; f\u00fchlen Sie sich <br>mit jedem Spr\u00fchsto\u00df verj\u00fcngt.<\/p>\n\t\t\n<style>\n#text-2874317537 {\n  font-size: 0.95rem;\n  text-align: center;\n}\n<\/style>\n\t<\/div>\n\t\n\n\t\t<\/div>\n\t\t\t\t\n<style>\n#col-965845795 > .col-inner {\n  padding: 10px 10px 10px 10px;\n}\n<\/style>\n\t<\/div>\n\n\t\n\n<\/div>\n<div class=\"row\"  id=\"row-443539733\">\n\n\n\t<div id=\"col-1511153393\" class=\"col medium-6 small-12 large-6\"  >\n\t\t\t\t<div class=\"col-inner text-center\"  >\n\t\t\t\n\t<div class=\"is-border\"\n\t\tstyle=\"border-width:1px 1px 1px 1px;\">\n\t<\/div>\n\t\t\t\n\n\t<div class=\"img has-hover x md-x lg-x y md-y lg-y\" id=\"image_1278134192\">\n\t\t\t\t\t\t\t\t<div class=\"img-inner dark\" >\n\t\t\t<img loading=\"lazy\" decoding=\"async\" width=\"150\" height=\"150\" src=\"https:\/\/iwantmyhealthback.com\/wp-content\/uploads\/2025\/03\/cognitive-150x150-1.png\" class=\"attachment-large size-large\" alt=\"\" srcset=\"https:\/\/iwantmyhealthback.com\/wp-content\/uploads\/2025\/03\/cognitive-150x150-1.png 150w, https:\/\/iwantmyhealthback.com\/wp-content\/uploads\/2025\/03\/cognitive-150x150-1-100x100.png 100w\" sizes=\"auto, (max-width: 150px) 100vw, 150px\" \/>\t\t\t\t\t\t\n\t\t\t\t\t<\/div>\n\t\t\t\t\t\t\t\t\n<style>\n#image_1278134192 {\n  width: 30%;\n}\n<\/style>\n\t<\/div>\n\t\n\n\t<div id=\"text-1666873443\" class=\"text\">\n\t\t\n\n<p><strong>KOGNITIVE KLARHEIT<\/strong><\/p>\n\t\t\n<style>\n#text-1666873443 {\n  font-size: 1.5rem;\n}\n<\/style>\n\t<\/div>\n\t\n\t<div id=\"text-657712967\" class=\"text\">\n\t\t\n\n<p>Machen Sie den Nebel frei f\u00fcr einen sch\u00e4rferen Verstand und ein Ged\u00e4chtnis, das dem Alter trotzt.<\/p>\n\t\t\n<style>\n#text-657712967 {\n  font-size: 0.95rem;\n}\n<\/style>\n\t<\/div>\n\t\n\n\t\t<\/div>\n\t\t\t\t\n<style>\n#col-1511153393 > .col-inner {\n  padding: 10px 10px 10px 10px;\n}\n<\/style>\n\t<\/div>\n\n\t\n\n\t<div id=\"col-1855064532\" class=\"col medium-6 small-12 large-6\"  >\n\t\t\t\t<div class=\"col-inner text-center\"  >\n\t\t\t\n\t<div class=\"is-border\"\n\t\tstyle=\"border-width:1px 1px 1px 1px;\">\n\t<\/div>\n\t\t\t\n\n\t<div class=\"img has-hover x md-x lg-x y md-y lg-y\" id=\"image_1071058502\">\n\t\t\t\t\t\t\t\t<div class=\"img-inner dark\" >\n\t\t\t<img loading=\"lazy\" decoding=\"async\" width=\"150\" height=\"150\" src=\"https:\/\/iwantmyhealthback.com\/wp-content\/uploads\/2025\/03\/VITALITY-150x150-1.png\" class=\"attachment-large size-large\" alt=\"\" srcset=\"https:\/\/iwantmyhealthback.com\/wp-content\/uploads\/2025\/03\/VITALITY-150x150-1.png 150w, https:\/\/iwantmyhealthback.com\/wp-content\/uploads\/2025\/03\/VITALITY-150x150-1-100x100.png 100w\" sizes=\"auto, (max-width: 150px) 100vw, 150px\" \/>\t\t\t\t\t\t\n\t\t\t\t\t<\/div>\n\t\t\t\t\t\t\t\t\n<style>\n#image_1071058502 {\n  width: 30%;\n}\n<\/style>\n\t<\/div>\n\t\n\n\t<div id=\"text-1274730640\" class=\"text\">\n\t\t\n\n<p><strong>VITALIT\u00c4T, DIE PULSIERT<\/strong><\/p>\n\t\t\n<style>\n#text-1274730640 {\n  font-size: 1.5rem;\n}\n<\/style>\n\t<\/div>\n\t\n\t<div id=\"text-163752632\" class=\"text\">\n\t\t\n\n<p>Verbessern Sie die Gesundheit des Herzens und des Kreislaufs f\u00fcr ein Leben voller Vitalit\u00e4t.<\/p>\n\t\t\n<style>\n#text-163752632 {\n  font-size: 0.95rem;\n}\n<\/style>\n\t<\/div>\n\t\n\n\t\t<\/div>\n\t\t\t\t\n<style>\n#col-1855064532 > .col-inner {\n  padding: 10px 10px 10px 10px;\n}\n<\/style>\n\t<\/div>\n\n\t\n\n<\/div>\n<a href=\"https:\/\/iwantmyhealthback.com\/de\/jetzt-einkaufen\/\" class=\"button primary is-larger\" style=\"border-radius:10px;\">\n\t\t<span>ICH WILL NANO SOMA\u00ae Heute<\/span>\n\t<\/a>\n\n\n\n\t\t<\/div>\n\t\t\t\t\t<\/div>\n\n\t\n\n<\/div>\n\n\t\t<\/div>\n\n\t\t\n<style>\n#section_2116376274 {\n  padding-top: 30px;\n  padding-bottom: 30px;\n}\n<\/style>\n\t<\/section>\n\t\n\n","protected":false},"excerpt":{"rendered":"","protected":false},"author":2,"featured_media":0,"parent":0,"menu_order":0,"comment_status":"closed","ping_status":"closed","template":"","meta":{"bwfblock_default_font":"","_uag_custom_page_level_css":"","footnotes":""},"class_list":["post-12894","page","type-page","status-publish","hentry"],"uagb_featured_image_src":{"full":false,"thumbnail":false,"medium":false,"medium_large":false,"large":false,"1536x1536":false,"2048x2048":false,"woocommerce_thumbnail":false,"woocommerce_single":false,"woocommerce_gallery_thumbnail":false},"uagb_author_info":{"display_name":"IWantMyHealthBack","author_link":"https:\/\/iwantmyhealthback.com\/de\/author\/anthonette\/"},"uagb_comment_info":0,"uagb_excerpt":null,"_links":{"self":[{"href":"https:\/\/iwantmyhealthback.com\/de\/wp-json\/wp\/v2\/pages\/12894","targetHints":{"allow":["GET"]}}],"collection":[{"href":"https:\/\/iwantmyhealthback.com\/de\/wp-json\/wp\/v2\/pages"}],"about":[{"href":"https:\/\/iwantmyhealthback.com\/de\/wp-json\/wp\/v2\/types\/page"}],"author":[{"embeddable":true,"href":"https:\/\/iwantmyhealthback.com\/de\/wp-json\/wp\/v2\/users\/2"}],"replies":[{"embeddable":true,"href":"https:\/\/iwantmyhealthback.com\/de\/wp-json\/wp\/v2\/comments?post=12894"}],"version-history":[{"count":0,"href":"https:\/\/iwantmyhealthback.com\/de\/wp-json\/wp\/v2\/pages\/12894\/revisions"}],"wp:attachment":[{"href":"https:\/\/iwantmyhealthback.com\/de\/wp-json\/wp\/v2\/media?parent=12894"}],"curies":[{"name":"wp","href":"https:\/\/api.w.org\/{rel}","templated":true}]}}