{"id":12889,"date":"2024-07-15T07:02:56","date_gmt":"2024-07-15T11:02:56","guid":{"rendered":"https:\/\/iwantmyhealthback.com\/ueber\/"},"modified":"2025-06-06T22:19:42","modified_gmt":"2025-06-07T02:19:42","slug":"ueber","status":"publish","type":"page","link":"https:\/\/iwantmyhealthback.com\/de\/ueber\/","title":{"rendered":"\u00dcber"},"content":{"rendered":"\n\n\t<section class=\"section\" id=\"section_372163300\">\n\t\t<div class=\"section-bg fill\" >\n\t\t\t\t\t\t\t\t\t\n\t\t\t\n\n\t\t<\/div>\n\n\t\t\n\n\t\t<div class=\"section-content relative\">\n\t\t\t\n\n\t<div id=\"gap-2073217623\" class=\"gap-element clearfix\" style=\"display:block; height:auto;\">\n\t\t\n<style>\n#gap-2073217623 {\n  padding-top: 30px;\n}\n<\/style>\n\t<\/div>\n\t\n\n<div class=\"row align-middle align-center\"  id=\"row-1648893353\">\n\n\n\t<div id=\"col-1536159731\" class=\"col medium-12 small-12 large-7\"  >\n\t\t\t\t<div class=\"col-inner\"  >\n\t\t\t\n\t\t\t\n\n\t<div id=\"text-2967139172\" class=\"text\">\n\t\t\n\n<h2>Ich will meine Gesundheit zur\u00fcck! Sie auch? <\/h2>\n\t\t\n<style>\n#text-2967139172 {\n  font-size: 1.3rem;\n}\n<\/style>\n\t<\/div>\n\t\n<p>Willkommen bei der Revolution der Gesundheit mit MagicDichol\u00ae. Unser Ziel ist es, Ihnen einfache und wirksame M\u00f6glichkeiten zu bieten, um Ihre Gesundheit zur\u00fcckzuerobern. Der Hauptbestandteil aller unserer Produkte ist Metadichol\u00ae &#8211; eine <a href=\"http:\/\/iwantmyhealthback.com\/worldwide-patents\/\" target=\"_blank\" rel=\"noopener\">weltweit patentierte<\/a> Nanoemulsion von Policosanol, die eine einzigartige und tiefgreifende Wirkung auf unseren K\u00f6rper hat.  <\/p>\n<p>Wenn Sie sich f\u00fcr unsere Produkte entscheiden, erhalten Sie nicht nur etwas Gro\u00dfartiges. Sie schlie\u00dfen sich einer Bewegung an, die Ihre Gesundheit wieder in IHRE H\u00e4nde legt. <\/p>\n<div class=\"row\"  id=\"row-54004007\">\n\n\n\t<div id=\"col-961376755\" class=\"col hide-for-medium small-12 large-12\"  >\n\t\t\t\t<div class=\"col-inner text-left\"  >\n\t\t\t\n\t\t\t\n\n<a href=\"https:\/\/iwantmyhealthback.com\/de\/vorteile\/\" class=\"button primary is-large\" style=\"border-radius:5px;\">\n\t\t<span>Mehr erfahren<\/span>\n\t<\/a>\n\n\n<a href=\"https:\/\/iwantmyhealthback.com\/de\/jetzt-einkaufen\/\" class=\"button primary is-outline is-large\" >\n\t\t<span>JETZT EINKAUFEN<\/span>\n\t<\/a>\n\n\n\n\t\t<\/div>\n\t\t\t\t\t<\/div>\n\n\t\n\n\t<div id=\"col-870776093\" class=\"col show-for-small small-12 large-12\"  >\n\t\t\t\t<div class=\"col-inner text-center\"  >\n\t\t\t\n\t\t\t\n\n<a href=\"https:\/\/iwantmyhealthback.com\/de\/vorteile\/\" class=\"button primary is-larger\" style=\"border-radius:5px;\">\n\t\t<span>Mehr erfahren<\/span>\n\t<\/a>\n\n\n\n\t\t<\/div>\n\t\t\t\t\t<\/div>\n\n\t\n\n<\/div>\n\n\t\t<\/div>\n\t\t\t\t\n<style>\n#col-1536159731 > .col-inner {\n  padding: 0px 0 0px 0px;\n}\n@media (min-width:550px) {\n  #col-1536159731 > .col-inner {\n    padding: 0px 10% 0px 0px;\n  }\n}\n@media (min-width:850px) {\n  #col-1536159731 > .col-inner {\n    padding: 0px 20px 0px 0px;\n  }\n}\n<\/style>\n\t<\/div>\n\n\t\n\n\t<div id=\"col-1355811195\" class=\"col medium-12 small-12 large-5\"  >\n\t\t\t\t<div class=\"col-inner\"  >\n\t\t\t\n\t\t\t\n\n<div class=\"row\"  id=\"row-1665560587\">\n\n\n\t<div id=\"col-2105775112\" class=\"col medium-12 small-12 large-12\"  >\n\t\t\t\t<div class=\"col-inner text-center\"  >\n\t\t\t\n\t\t\t\n\n\n  <div class=\"banner has-hover\" id=\"banner-995889644\">\n          <div class=\"banner-inner fill\">\n        <div class=\"banner-bg fill\" >\n            <img loading=\"lazy\" decoding=\"async\" width=\"1020\" height=\"388\" src=\"https:\/\/iwantmyhealthback.com\/wp-content\/uploads\/2024\/07\/sugarcane-mobile-1024x390-1.png\" class=\"bg attachment-large size-large\" alt=\"\" \/>                                    \n                    <\/div>\n\t\t\n        <div class=\"banner-layers container\">\n            <div class=\"fill banner-link\"><\/div>            \n\n   <div id=\"text-box-1118264425\" class=\"text-box banner-layer x50 md-x50 lg-x50 y50 md-y50 lg-y50 res-text\">\n                                <div class=\"text-box-content text dark\">\n              \n              <div class=\"text-inner text-center\">\n                  \n\n\n              <\/div>\n           <\/div>\n                            \n<style>\n#text-box-1118264425 {\n  width: 60%;\n}\n#text-box-1118264425 .text-box-content {\n  font-size: 100%;\n}\n@media (min-width:550px) {\n  #text-box-1118264425 {\n    width: 60%;\n  }\n}\n<\/style>\n    <\/div>\n \n\n        <\/div>\n      <\/div>\n\n            \n<style>\n#banner-995889644 {\n  padding-top: 99.99%;\n  background-color: rgba(0, 0, 0, 0);\n}\n@media (min-width:550px) {\n  #banner-995889644 {\n    padding-top: 150%;\n  }\n}\n@media (min-width:850px) {\n  #banner-995889644 {\n    padding-top: 80%;\n  }\n}\n<\/style>\n  <\/div>\n\n\n\n\t\t<\/div>\n\t\t\t\t\t<\/div>\n\n\t\n\n<\/div>\n\n\t\t<\/div>\n\t\t\t\t\t<\/div>\n\n\t\n\n<\/div>\n\n\t\t<\/div>\n\n\t\t\n<style>\n#section_372163300 {\n  padding-top: 30px;\n  padding-bottom: 30px;\n}\n<\/style>\n\t<\/section>\n\t\n\n\t<section class=\"section dark\" id=\"section_554886267\">\n\t\t<div class=\"section-bg fill\" >\n\t\t\t<img loading=\"lazy\" decoding=\"async\" width=\"1024\" height=\"442\" src=\"https:\/\/iwantmyhealthback.com\/wp-content\/uploads\/2024\/07\/magic-dichol-4-1024x442-1.png\" class=\"bg attachment- size-\" alt=\"\" \/>\t\t\t\t\t\t<div class=\"section-bg-overlay absolute fill\"><\/div>\n\t\t\t\n\n\t\t<\/div>\n\n\t\t\n\n\t\t<div class=\"section-content relative\">\n\t\t\t\n\n\t<div id=\"gap-889784649\" class=\"gap-element clearfix\" style=\"display:block; height:auto;\">\n\t\t\n<style>\n#gap-889784649 {\n  padding-top: 30px;\n}\n<\/style>\n\t<\/div>\n\t\n\n<div class=\"row align-center\"  id=\"row-152640458\">\n\n\n\t<div id=\"col-1369751097\" class=\"col medium-7 small-12 large-5\"  >\n\t\t\t\t<div class=\"col-inner text-center\"  >\n\t\t\t\n\t\t\t\n\n\t<div id=\"text-3092794698\" class=\"text\">\n\t\t\n\n<h1>Die Geschichte<\/h1>\n\t\t\n<style>\n#text-3092794698 {\n  font-size: 1.75rem;\n}\n<\/style>\n\t<\/div>\n\t\n\n\t\t<\/div>\n\t\t\t\t\t<\/div>\n\n\t\n\n<\/div>\n\n\t\t<\/div>\n\n\t\t\n<style>\n#section_554886267 {\n  padding-top: 30px;\n  padding-bottom: 30px;\n  min-height: 290px;\n}\n#section_554886267 .section-bg-overlay {\n  background-color: rgba(0, 0, 0, 0.16);\n}\n#section_554886267 .section-bg img {\n  object-position: 59% 38%;\n}\n@media (min-width:550px) {\n  #section_554886267 {\n    min-height: 350px;\n  }\n}\n<\/style>\n\t<\/section>\n\t\n\n\t<section class=\"section\" id=\"section_1832612918\">\n\t\t<div class=\"section-bg fill\" >\n\t\t\t\t\t\t\t\t\t\n\t\t\t\n\n\t\t<\/div>\n\n\t\t\n\n\t\t<div class=\"section-content relative\">\n\t\t\t\n\n\t<div id=\"gap-605968391\" class=\"gap-element clearfix\" style=\"display:block; height:auto;\">\n\t\t\n<style>\n#gap-605968391 {\n  padding-top: 30px;\n}\n<\/style>\n\t<\/div>\n\t\n\n<div class=\"row row-large\"  id=\"row-135327798\">\n\n\n\t<div id=\"col-1344707298\" class=\"col small-12 large-12\"  >\n\t\t\t\t<div class=\"col-inner\"  >\n\t\t\t\n\t\t\t\n\n<p style=\"font-size: 150%;\"><strong>Die MagicDichol\u00ae-Produkte: Von einem Experten hergestellt<\/strong><\/p>\n<p>Dr. PR Raghavan (Raghu) ist das Genie hinter Metadichol\u00ae &#8211; dem Schl\u00fcssel zu den MagicDichol Produkten. Raghu verf\u00fcgt \u00fcber mehr als 20 Jahre Forschungserfahrung und hat mit vielen Institutionen zusammengearbeitet, darunter gro\u00dfe Namen wie die Columbia University. Nachdem er so lange an Medikamenten geforscht hatte, war Raghu auf der Suche nach einem nat\u00fcrlicheren Ansatz. Sein Ziel war es, die Probleme der menschlichen Gesundheit an der Wurzel zu packen.   <\/p>\n<p>Nachdem er mehr als zehn Jahre lang an diesem Traum gearbeitet hatte, stellte Raghu 2008 Metadichol her. Es wird aus sehr kleinen Partikeln von Policosanol hergestellt, die in Lebensmitteln wie Reis und Zuckerrohr vorkommen. Diese winzigen Partikel, Nanopartikel genannt, sind sogar kleiner als Viren. Sie funktionieren gut im K\u00f6rper, um eine gute Gesundheit zu schaffen und zu erhalten.*   <\/p>\n<p>Von 2008 bis 2019 testete Raghu Metadichol zu verschiedenen Gesundheitsthemen und ver\u00f6ffentlichte seine <strong><a href=\"https:\/\/iwantmyhealthback.com\/de\/veroeffentlichungen-ueber-metadichol\/\">Arbeiten<\/a><\/strong>. Seine Arbeit war so einzigartig, dass sie ihm<strong> <a href=\"https:\/\/iwantmyhealthback.com\/de\/weltweite-patente\/\">37 Patente weltweit<\/a><\/strong>, darunter <strong><a href=\"https:\/\/iwantmyhealthback.com\/de\/metadichol-u-s-patente\/\">drei in den USA<\/a><\/strong>. <\/p>\n<p>Metadichol ist in allen drei MagicDichol Produkten enthalten: NANO SOMA\u00ae Liquid, NANO SOMA\u00ae Topical Gel und die NANO SOMA\u00ae Skin Cream.<\/p>\n<p>Mehr als 100.000 Menschen haben NANO SOMA ausprobiert. Einige begannen mit gro\u00dfen gesundheitlichen Problemen, w\u00e4hrend andere sich einfach nur ges\u00fcnder f\u00fchlen wollten. Viele von ihnen haben erstaunliche Geschichten dar\u00fcber erz\u00e4hlt, wie die NANO SOMA Produkte ihnen geholfen haben, die Sie hier nachlesen k\u00f6nnen <strong><a href=\"https:\/\/iwantmyhealthback.com\/de\/testimonials\/\" data-wplink-edit=\"true\">hier<\/a><\/strong>.  <\/p>\n\n\n\t\t<\/div>\n\t\t\t\t\t<\/div>\n\n\t\n\n<\/div>\n\n\t\t<\/div>\n\n\t\t\n<style>\n#section_1832612918 {\n  padding-top: 20px;\n  padding-bottom: 20px;\n}\n@media (min-width:550px) {\n  #section_1832612918 {\n    padding-top: 30px;\n    padding-bottom: 30px;\n  }\n}\n<\/style>\n\t<\/section>\n\t\n\n\t<section class=\"section\" id=\"section_1423082922\">\n\t\t<div class=\"section-bg fill\" >\n\t\t\t\t\t\t\t\t\t\n\t\t\t\n\n\t\t<\/div>\n\n\t\t\n\n\t\t<div class=\"section-content relative\">\n\t\t\t\n\n<div class=\"row\"  id=\"row-133317665\">\n\n\n\t<div id=\"col-1874245454\" class=\"col small-12 large-12\"  >\n\t\t\t\t<div class=\"col-inner\"  >\n\t\t\t\n\t<div class=\"is-border\"\n\t\tstyle=\"border-color:#767676;border-width:2px 2px 2px 2px;\">\n\t<\/div>\n\t\t\t\n\n\t<div id=\"text-3332570390\" class=\"text\">\n\t\t\n\n<p><strong>*Diese Aussagen wurden nicht von der US Food and Drug Administration bewertet. Dieses Produkt ist nicht dazu bestimmt, Krankheiten zu diagnostizieren oder zu verschreiben oder solche Krankheiten zu verhindern, zu behandeln, zu lindern oder zu heilen. Wenn Sie eine Krankheit oder ein medizinisches Problem haben, wenden Sie sich an Ihren Arzt.  <\/strong><\/p>\n\t\t\n<style>\n#text-3332570390 {\n  font-size: 0.9rem;\n  text-align: left;\n}\n<\/style>\n\t<\/div>\n\t\n\n\t\t<\/div>\n\t\t\t\t\n<style>\n#col-1874245454 > .col-inner {\n  padding: 10px 20px 5px 20px;\n}\n<\/style>\n\t<\/div>\n\n\t\n\n<\/div>\n\n\t\t<\/div>\n\n\t\t\n<style>\n#section_1423082922 {\n  padding-top: 0px;\n  padding-bottom: 0px;\n}\n@media (min-width:550px) {\n  #section_1423082922 {\n    padding-top: 30px;\n    padding-bottom: 30px;\n  }\n}\n<\/style>\n\t<\/section>\n\t\n\n","protected":false},"excerpt":{"rendered":"","protected":false},"author":2,"featured_media":0,"parent":0,"menu_order":0,"comment_status":"closed","ping_status":"closed","template":"page-blank.php","meta":{"bwfblock_default_font":"","_uag_custom_page_level_css":"","footnotes":""},"class_list":["post-12889","page","type-page","status-publish","hentry"],"uagb_featured_image_src":{"full":false,"thumbnail":false,"medium":false,"medium_large":false,"large":false,"1536x1536":false,"2048x2048":false,"woocommerce_thumbnail":false,"woocommerce_single":false,"woocommerce_gallery_thumbnail":false},"uagb_author_info":{"display_name":"IWantMyHealthBack","author_link":"https:\/\/iwantmyhealthback.com\/de\/author\/anthonette\/"},"uagb_comment_info":0,"uagb_excerpt":null,"_links":{"self":[{"href":"https:\/\/iwantmyhealthback.com\/de\/wp-json\/wp\/v2\/pages\/12889","targetHints":{"allow":["GET"]}}],"collection":[{"href":"https:\/\/iwantmyhealthback.com\/de\/wp-json\/wp\/v2\/pages"}],"about":[{"href":"https:\/\/iwantmyhealthback.com\/de\/wp-json\/wp\/v2\/types\/page"}],"author":[{"embeddable":true,"href":"https:\/\/iwantmyhealthback.com\/de\/wp-json\/wp\/v2\/users\/2"}],"replies":[{"embeddable":true,"href":"https:\/\/iwantmyhealthback.com\/de\/wp-json\/wp\/v2\/comments?post=12889"}],"version-history":[{"count":0,"href":"https:\/\/iwantmyhealthback.com\/de\/wp-json\/wp\/v2\/pages\/12889\/revisions"}],"wp:attachment":[{"href":"https:\/\/iwantmyhealthback.com\/de\/wp-json\/wp\/v2\/media?parent=12889"}],"curies":[{"name":"wp","href":"https:\/\/api.w.org\/{rel}","templated":true}]}}