{"id":12863,"date":"2024-07-04T10:20:02","date_gmt":"2024-07-04T14:20:02","guid":{"rendered":"https:\/\/iwantmyhealthback.com\/dave-hodges-erfahrungsbericht\/"},"modified":"2025-06-02T11:01:36","modified_gmt":"2025-06-02T15:01:36","slug":"dave-hodges-erfahrungsbericht","status":"publish","type":"page","link":"https:\/\/iwantmyhealthback.com\/de\/dave-hodges-erfahrungsbericht\/","title":{"rendered":"Dave Hodges Erfahrungsbericht"},"content":{"rendered":"\n\n\t<section class=\"section\" id=\"section_504064504\">\n\t\t<div class=\"section-bg fill\" >\n\t\t\t\t\t\t\t\t\t\n\t\t\t\n\n\t\t<\/div>\n\n\t\t\n\n\t\t<div class=\"section-content relative\">\n\t\t\t\n\n<div class=\"row align-middle align-center\"  id=\"row-1552574656\">\n\n\n\t<div id=\"col-1667980742\" class=\"col medium-10 small-12 large-10\"  >\n\t\t\t\t<div class=\"col-inner text-center\"  >\n\t\t\t\n\t\t\t\n\n\t<div id=\"text-4030444892\" class=\"text\">\n\t\t\n\n<h1>Dave Hodges&#8217; Geschichte<\/h1>\n\t\t\n<style>\n#text-4030444892 {\n  font-size: 1.2rem;\n  text-align: center;\n}\n@media (min-width:550px) {\n  #text-4030444892 {\n    font-size: 1.5rem;\n  }\n}\n<\/style>\n\t<\/div>\n\t\n\t<div class=\"img has-hover x md-x lg-x y md-y lg-y\" id=\"image_1646511911\">\n\t\t\t\t\t\t\t\t<div class=\"img-inner dark\" >\n\t\t\t<img loading=\"lazy\" decoding=\"async\" width=\"1020\" height=\"1020\" src=\"https:\/\/iwantmyhealthback.com\/wp-content\/uploads\/2024\/07\/Dave-Hodges.jpeg\" class=\"attachment-large size-large\" alt=\"\" srcset=\"https:\/\/iwantmyhealthback.com\/wp-content\/uploads\/2024\/07\/Dave-Hodges.jpeg 1024w, https:\/\/iwantmyhealthback.com\/wp-content\/uploads\/2024\/07\/Dave-Hodges-300x300.jpeg 300w, https:\/\/iwantmyhealthback.com\/wp-content\/uploads\/2024\/07\/Dave-Hodges-100x100.jpeg 100w, https:\/\/iwantmyhealthback.com\/wp-content\/uploads\/2024\/07\/Dave-Hodges-510x510.jpeg 510w, https:\/\/iwantmyhealthback.com\/wp-content\/uploads\/2024\/07\/Dave-Hodges-150x150.jpeg 150w, https:\/\/iwantmyhealthback.com\/wp-content\/uploads\/2024\/07\/Dave-Hodges-768x768.jpeg 768w\" sizes=\"auto, (max-width: 1020px) 100vw, 1020px\" \/>\t\t\t\t\t\t\n\t\t\t\t\t<\/div>\n\t\t\t\t\t\t\t\t\n<style>\n#image_1646511911 {\n  width: 51%;\n}\n<\/style>\n\t<\/div>\n\t\n\n\t<div class=\"img has-hover x md-x lg-x y md-y lg-y\" id=\"image_1545361494\">\n\t\t\t\t\t\t\t\t<div class=\"img-inner dark\" >\n\t\t\t\t\t\t\t\t\t\n\t\t\t\t\t<\/div>\n\t\t\t\t\t\t\t\t\n<style>\n#image_1545361494 {\n  width: 40%;\n}\n<\/style>\n\t<\/div>\n\t\n\n\t<div id=\"text-3169164837\" class=\"text\">\n\t\t\n\n<p>&#8220;Anfang M\u00e4rz war ich nicht in schlechter Verfassung, aber bei mir wurde eine Lungenentz\u00fcndung und das Respiratory Syncytial Virus (RSV) diagnostiziert. Ich war v\u00f6llig entkr\u00e4ftet, schlief 16-18 Stunden am Tag und konnte keine Treppe mehr hochgehen. <\/p>\n<p>Ich wurde zun\u00e4chst mit Antibiotika und steroidalem Prednison behandelt. Nach ein paar Wochen setzte ich die Medikamente ab, mit Ausnahme meiner Diabetesmedikamente. Ich habe die Steroide und Antibiotika abgesetzt, weil sie meine Symptome nicht lindern konnten.  <\/p>\n<p>Mitte M\u00e4rz ging ich zu einem Lungenfacharzt, der mir eine d\u00fcstere Prognose stellte. Er stellte fest, dass die RSV-Erkrankung schwerwiegend war und meine Lungenschleimh\u00e4ute abgetragen hatte. Er sagte, dass sie sich m\u00f6glicherweise nicht mehr zur\u00fcckbilden und meine Lungenfunktion dadurch dauerhaft beeintr\u00e4chtigt wird. Das bedeutete, dass ich in naher Zukunft UND F\u00dcR DEN REST MEINES LEBENS auf Sauerstoff angewiesen sein k\u00f6nnte.   <\/p>\n<p>Kurz darauf wurde ich mit NANO SOMA\u00ae bekannt gemacht. Da man das Spray nicht \u00fcberdosieren kann, nahm ich das Spray st\u00fcndlich ein. Innerhalb einer Woche verbesserte sich meine Energie, und ich kehrte ins Fitnessstudio zur\u00fcck. Obwohl ich in einem geschw\u00e4chten Zustand war, arbeitete ich daran, mein Arbeitspensum t\u00e4glich zu erh\u00f6hen. Innerhalb eines Monats war ich wieder ganz normal aktiv.    <strong>  Heute bin ich so stark und athletisch wie seit 25 Jahren nicht mehr.<\/strong>  Das einzige Produkt, das ich f\u00fcr die Lungenfunktion und zur Unterst\u00fctzung einnahm, war NANO SOMA.<\/p>\n<p>Als ich ins Fitnessstudio zur\u00fcckkehrte, nahm mein Arbeitspensum zu und mein rechtes Knie, bei dem ein Knochenbruch diagnostiziert worden war, begann anzuschwellen und schr\u00e4nkte meine Aktivit\u00e4ten teilweise ein. Daraufhin erfuhr ich von dem NANO SOMA\u00ae Topical Gel. Ich begann, das Gel jeden Tag auf mein verletztes Knie aufzutragen. Heute treibe ich Sport, den ich seit 25 Jahren nicht mehr gemacht habe.   <\/p>\n<p>Ich kann zum Beispiel Kniebeugen, Kreuzheben und Step-ups machen. Au\u00dferdem laufe ich Sprints und schiebe einen Schlitten f\u00fcr das Kardiotraining. Obwohl meine Muskeln weh tun, schwillt mein Knie nicht an. Wenn ich in der Vergangenheit nur einen Bruchteil von dem getan h\u00e4tte, was ich oben beschrieben habe, w\u00e4re mein Knie stark angeschwollen und h\u00e4tte mich inaktiv gemacht. Jetzt bin ich st\u00e4rker und in der Lage, Dinge zu tun, die ich seit 25 Jahren nicht mehr getan habe.    <\/p>\n<p>Diese beiden Produkte haben mich von einer d\u00fcsteren Prognose zur\u00fcckgeholt. Ich habe mein Leben zur\u00fcck, und mein Lebensstil hat sich dramatisch verbessert. Und, ganz bescheiden, es ist sch\u00f6n zu h\u00f6ren, dass Ihre Freunde und Familie Ihnen sagen, wie gut Sie aussehen. Und ich \u00fcbertreibe nicht, wenn ich sage, dass j\u00fcngere Leute im Fitnessstudio auf mich zukommen und mich fragen, woher ein Mann meines Alters seine Energie nimmt.   <\/p>\n<p>Ich habe mich entschieden, diese Produkte f\u00fcr den Rest meines Lebens zu verwenden.<\/p>\n<p>Ich sollte auch erw\u00e4hnen, dass ich im Laufe dieser Tortur als Nicht-Diabetiker mit einem A1C-Wert von 5,0 diagnostiziert wurde und dass ich erst k\u00fcrzlich von allen Diabetes-Medikamenten befreit wurde. Danke, MagicDichol\u00ae!<strong>&#8220;<\/strong> <\/p>\n\t\t\n<style>\n#text-3169164837 {\n  font-size: 1rem;\n  text-align: left;\n}\n@media (min-width:550px) {\n  #text-3169164837 {\n    font-size: 1.15rem;\n  }\n}\n<\/style>\n\t<\/div>\n\t\n\t<div id=\"text-3956842389\" class=\"text\">\n\t\t\n\n<h3 style=\"text-align: center;\">Dr. Richard Presser hebt einen enormen revolution\u00e4ren <br>Durchbruch in der Naturheilkunde hervor<\/h3>\n\t\t\n<style>\n#text-3956842389 {\n  font-size: 1.2rem;\n}\n@media (min-width:550px) {\n  #text-3956842389 {\n    font-size: 1.55rem;\n  }\n}\n<\/style>\n\t<\/div>\n\t\n\n\n<div style=\"padding:56.25% 0 0 0;position:relative;\"><iframe src=\"https:\/\/player.vimeo.com\/video\/989160042?badge=0&amp;autopause=0&amp;player_id=0&amp;app_id=58479\" frameborder=\"0\" allow=\"autoplay; fullscreen; picture-in-picture; clipboard-write\" style=\"position:absolute;top:0;left:0;width:100%;height:100%;\" title=\"Dr. Richard Presser hebt gro\u00dfen revolution\u00e4ren Durchbruch in der Naturheilkunde hervor\"><\/iframe><\/div><script src=\"https:\/\/player.vimeo.com\/api\/player.js\"><\/script>\n\n\t<div id=\"gap-1389804853\" class=\"gap-element clearfix\" style=\"display:block; height:auto;\">\n\t\t\n<style>\n#gap-1389804853 {\n  padding-top: 30px;\n}\n<\/style>\n\t<\/div>\n\t\n\n\t<div id=\"text-3985061788\" class=\"text\">\n\t\t\n\n<h3 style=\"text-align: center;\">Was ist NANO SOMA\u00ae <br>und warum ist die \u00d6ffentlichkeit davon besessen?<\/h3>\n\t\t\n<style>\n#text-3985061788 {\n  font-size: 1.2rem;\n}\n@media (min-width:550px) {\n  #text-3985061788 {\n    font-size: 1.55rem;\n  }\n}\n<\/style>\n\t<\/div>\n\t\n\n\n<div style=\"padding:56.25% 0 0 0;position:relative;\"><iframe src=\"https:\/\/player.vimeo.com\/video\/989161665?badge=0&amp;autopause=0&amp;player_id=0&amp;app_id=58479\" frameborder=\"0\" allow=\"autoplay; fullscreen; picture-in-picture; clipboard-write\" style=\"position:absolute;top:0;left:0;width:100%;height:100%;\" title=\"Sie k\u00f6nnen die beste Version von sich selbst sein\"><\/iframe><\/div><script src=\"https:\/\/player.vimeo.com\/api\/player.js\"><\/script>\n\n\t<div id=\"gap-1442657932\" class=\"gap-element clearfix\" style=\"display:block; height:auto;\">\n\t\t\n<style>\n#gap-1442657932 {\n  padding-top: 30px;\n}\n<\/style>\n\t<\/div>\n\t\n\n<a href=\"https:\/\/iwantmyhealthback.com\/?infid=9\" target=\"_blank\" class=\"button primary is-xlarge\" rel=\"noopener\" >\n\t\t<span>Jetzt kaufen<\/span>\n\t<\/a>\n\n\n\n\t\t<\/div>\n\t\t\t\t\t<\/div>\n\n\t\n\n<\/div>\n\n\t\t<\/div>\n\n\t\t\n<style>\n#section_504064504 {\n  padding-top: 30px;\n  padding-bottom: 30px;\n}\n<\/style>\n\t<\/section>\n\t\n\n","protected":false},"excerpt":{"rendered":"","protected":false},"author":2,"featured_media":0,"parent":0,"menu_order":0,"comment_status":"closed","ping_status":"closed","template":"page-blank.php","meta":{"bwfblock_default_font":"","_uag_custom_page_level_css":"","footnotes":""},"class_list":["post-12863","page","type-page","status-publish","hentry"],"uagb_featured_image_src":{"full":false,"thumbnail":false,"medium":false,"medium_large":false,"large":false,"1536x1536":false,"2048x2048":false,"woocommerce_thumbnail":false,"woocommerce_single":false,"woocommerce_gallery_thumbnail":false},"uagb_author_info":{"display_name":"IWantMyHealthBack","author_link":"https:\/\/iwantmyhealthback.com\/de\/author\/anthonette\/"},"uagb_comment_info":0,"uagb_excerpt":null,"_links":{"self":[{"href":"https:\/\/iwantmyhealthback.com\/de\/wp-json\/wp\/v2\/pages\/12863","targetHints":{"allow":["GET"]}}],"collection":[{"href":"https:\/\/iwantmyhealthback.com\/de\/wp-json\/wp\/v2\/pages"}],"about":[{"href":"https:\/\/iwantmyhealthback.com\/de\/wp-json\/wp\/v2\/types\/page"}],"author":[{"embeddable":true,"href":"https:\/\/iwantmyhealthback.com\/de\/wp-json\/wp\/v2\/users\/2"}],"replies":[{"embeddable":true,"href":"https:\/\/iwantmyhealthback.com\/de\/wp-json\/wp\/v2\/comments?post=12863"}],"version-history":[{"count":0,"href":"https:\/\/iwantmyhealthback.com\/de\/wp-json\/wp\/v2\/pages\/12863\/revisions"}],"wp:attachment":[{"href":"https:\/\/iwantmyhealthback.com\/de\/wp-json\/wp\/v2\/media?parent=12863"}],"curies":[{"name":"wp","href":"https:\/\/api.w.org\/{rel}","templated":true}]}}