{"id":12860,"date":"2024-07-19T10:38:19","date_gmt":"2024-07-19T14:38:19","guid":{"rendered":"https:\/\/iwantmyhealthback.com\/faqs\/"},"modified":"2025-12-25T22:35:29","modified_gmt":"2025-12-26T02:35:29","slug":"faqs","status":"publish","type":"page","link":"https:\/\/iwantmyhealthback.com\/de\/faqs\/","title":{"rendered":"FAQs"},"content":{"rendered":"\n\n\t<section class=\"section has-scroll-for-more\" id=\"section_1840833584\">\n\t\t<div class=\"section-bg fill\" >\n\t\t\t\t\t\t\t\t\t<button class=\"scroll-for-more z-5 icon absolute bottom h-center\" aria-label=\"Scrollen f\u00fcr mehr\"><i class=\"icon-angle-down\" aria-hidden=\"true\" style=\"font-size:42px;\"><\/i><\/button>\n\t\t\t\n\t<div class=\"is-border\"\n\t\tstyle=\"border-width:0px 0px 0px 0px;\">\n\t<\/div>\n\n\t\t<\/div>\n\n\t\t\n\n\t\t<div class=\"section-content relative\">\n\t\t\t\n\n<div class=\"row align-center\"  id=\"row-1990084697\">\n\n\n\t<div id=\"col-364972507\" class=\"col medium-8 small-10 large-10\"  >\n\t\t\t\t<div class=\"col-inner text-center\"  >\n\t\t\t\n\t\t\t\n\n<h3>H\u00c4UFIG GESTELLTE FRAGEN<\/h3>\n<h2 style=\"font-size: 250%;\">FAQs<\/h2>\n<p>Wie k\u00f6nnen wir Ihnen helfen?<\/p>\n\n\t\t<\/div>\n\t\t\t\t\n<style>\n#col-364972507 > .col-inner {\n  padding: 40px 0px 0px 0px;\n}\n<\/style>\n\t<\/div>\n\n\t\n\n<\/div>\n\n\t\t<\/div>\n\n\t\t\n<style>\n#section_1840833584 {\n  padding-top: 30px;\n  padding-bottom: 30px;\n}\n<\/style>\n\t<\/section>\n\t\n\n\t<section class=\"section\" id=\"section_1244789534\">\n\t\t<div class=\"section-bg fill\" >\n\t\t\t\t\t\t\t\t\t\n\t\t\t\n\n\t\t<\/div>\n\n\t\t\n\n\t\t<div class=\"section-content relative\">\n\t\t\t\n\n<div class=\"row\"  id=\"row-1035758424\">\n\n\n\t<div id=\"col-539515340\" class=\"col small-12 large-12\"  >\n\t\t\t\t<div class=\"col-inner\"  >\n\t\t\t\n\t\t\t\n\n<div class=\"accordion\">\n\n\t<div id=\"accordion-3867218084\" class=\"accordion-item\">\n\t\t<a id=\"accordion-3867218084-label\" class=\"accordion-title plain\" href=\"#accordion-item-wie-spricht-man-metadichol\u00ae-und-magicdichol\u00ae-aus?\" aria-expanded=\"false\" aria-controls=\"accordion-3867218084-content\">\n\t\t\t<button class=\"toggle\" aria-label=\"Umschalten\"><i class=\"icon-angle-down\" aria-hidden=\"true\"><\/i><\/button>\n\t\t\t<span>Wie spricht man Metadichol\u00ae und MagicDichol\u00ae aus?<\/span>\n\t\t<\/a>\n\t\t<div id=\"accordion-3867218084-content\" class=\"accordion-inner\" aria-labelledby=\"accordion-3867218084-label\">\n\t\t\t\n\n<p>Metadichol wird ausgesprochen: &#8216;Met-uh-dye-call&#8217;. MagicDichol wird ausgesprochen: &#8216;Magic-dye-call&#8217;. <\/p>\n\n\t\t<\/div>\n\t<\/div>\n\t\n\t<div id=\"accordion-1793658728\" class=\"accordion-item\">\n\t\t<a id=\"accordion-1793658728-label\" class=\"accordion-title plain\" href=\"#accordion-item-was-ist-nano-soma\u00ae-liquid?\" aria-expanded=\"false\" aria-controls=\"accordion-1793658728-content\">\n\t\t\t<button class=\"toggle\" aria-label=\"Umschalten\"><i class=\"icon-angle-down\" aria-hidden=\"true\"><\/i><\/button>\n\t\t\t<span>Was ist NANO SOMA\u00ae Liquid?<\/span>\n\t\t<\/a>\n\t\t<div id=\"accordion-1793658728-content\" class=\"accordion-inner\" aria-labelledby=\"accordion-1793658728-label\">\n\t\t\t\n\n<p>NANO SOMA Liquid ist eine Bezeichnung f\u00fcr Metadichol. Es ist ein fl\u00fcssiges Erg\u00e4nzungsmittel mit Nanopartikeln von Policosanol. <\/p>\n\n\t\t<\/div>\n\t<\/div>\n\t\n\t<div id=\"accordion-1953154599\" class=\"accordion-item\">\n\t\t<a id=\"accordion-1953154599-label\" class=\"accordion-title plain\" href=\"#accordion-item-was-sind-die-inhaltsstoffe-von-nano-soma?\" aria-expanded=\"false\" aria-controls=\"accordion-1953154599-content\">\n\t\t\t<button class=\"toggle\" aria-label=\"Umschalten\"><i class=\"icon-angle-down\" aria-hidden=\"true\"><\/i><\/button>\n\t\t\t<span>Was sind die Inhaltsstoffe von NANO SOMA?<\/span>\n\t\t<\/a>\n\t\t<div id=\"accordion-1953154599-content\" class=\"accordion-inner\" aria-labelledby=\"accordion-1953154599-label\">\n\t\t\t\n\n<p>Die Hauptbestandteile von NANO SOMA sind eine Nanoemulsion, Policosanol aus Reiswachs und Wasser, sowie kleinere Bestandteile f\u00fcr die Stabilit\u00e4t der Nanoemulsion.<\/p>\n\n\t\t<\/div>\n\t<\/div>\n\t\n\t<div id=\"accordion-504457913\" class=\"accordion-item\">\n\t\t<a id=\"accordion-504457913-label\" class=\"accordion-title plain\" href=\"#accordion-item-wie-lange-dauert-es,-bis-die-wirkung-von-nano-soma\u00ae-sichtbar-wird?\" aria-expanded=\"false\" aria-controls=\"accordion-504457913-content\">\n\t\t\t<button class=\"toggle\" aria-label=\"Umschalten\"><i class=\"icon-angle-down\" aria-hidden=\"true\"><\/i><\/button>\n\t\t\t<span>Wie lange dauert es, bis die Wirkung von NANO SOMA\u00ae sichtbar wird?<\/span>\n\t\t<\/a>\n\t\t<div id=\"accordion-504457913-content\" class=\"accordion-inner\" aria-labelledby=\"accordion-504457913-label\">\n\t\t\t\n\n<p>Es wird empfohlen, das Produkt 90 Tage lang konsequent anzuwenden, bevor sichtbare gesundheitliche Vorteile zu erwarten sind, doch viele Menschen bemerken Verbesserungen schon fr\u00fcher.<\/p>\n\n\t\t<\/div>\n\t<\/div>\n\t\n\t<div id=\"accordion-1827029598\" class=\"accordion-item\">\n\t\t<a id=\"accordion-1827029598-label\" class=\"accordion-title plain\" href=\"#accordion-item-was-ist-nano-soma\u00ae-topisches-gel?\" aria-expanded=\"false\" aria-controls=\"accordion-1827029598-content\">\n\t\t\t<button class=\"toggle\" aria-label=\"Umschalten\"><i class=\"icon-angle-down\" aria-hidden=\"true\"><\/i><\/button>\n\t\t\t<span>Was ist NANO SOMA\u00ae Topisches Gel?<\/span>\n\t\t<\/a>\n\t\t<div id=\"accordion-1827029598-content\" class=\"accordion-inner\" aria-labelledby=\"accordion-1827029598-label\">\n\t\t\t\n\n<p>Das NANO SOMA\u00ae Topical Gel ist f\u00fcr Ihre Haut. Es handelt sich um NANO SOMA, dem Xanthan zugesetzt wurde, um es f\u00fcr die Haut geeignet zu machen. Es unterst\u00fctzt die Gesundheit der Haut.  <\/p>\n\n\t\t<\/div>\n\t<\/div>\n\t\n\t<div id=\"accordion-490743555\" class=\"accordion-item\">\n\t\t<a id=\"accordion-490743555-label\" class=\"accordion-title plain\" href=\"#accordion-item-was-ist-nano-soma\u00ae-hautcreme?\" aria-expanded=\"false\" aria-controls=\"accordion-490743555-content\">\n\t\t\t<button class=\"toggle\" aria-label=\"Umschalten\"><i class=\"icon-angle-down\" aria-hidden=\"true\"><\/i><\/button>\n\t\t\t<span>Was ist NANO SOMA\u00ae Hautcreme?<\/span>\n\t\t<\/a>\n\t\t<div id=\"accordion-490743555-content\" class=\"accordion-inner\" aria-labelledby=\"accordion-490743555-label\">\n\t\t\t\n\n<p>Die NANO SOMA\u00ae Skin Cream ist eine geschmeidige, \u00f6lfreie Creme mit dem gleichen Hauptinhaltsstoff wie NANO SOMA. Sie duftet nach Vanille, hilft, die Haut zu beruhigen und mildert feine Linien und F\u00e4ltchen. <\/p>\n\n\t\t<\/div>\n\t<\/div>\n\t\n\t<div id=\"accordion-1834612223\" class=\"accordion-item\">\n\t\t<a id=\"accordion-1834612223-label\" class=\"accordion-title plain\" href=\"#accordion-item-ist-nano-soma-f\u00fcr-gesunde-menschen-oder-f\u00fcr-menschen-mit-krankheiten-geeignet?\" aria-expanded=\"false\" aria-controls=\"accordion-1834612223-content\">\n\t\t\t<button class=\"toggle\" aria-label=\"Umschalten\"><i class=\"icon-angle-down\" aria-hidden=\"true\"><\/i><\/button>\n\t\t\t<span>Ist NANO SOMA f\u00fcr gesunde Menschen oder f\u00fcr Menschen mit Krankheiten geeignet?<\/span>\n\t\t<\/a>\n\t\t<div id=\"accordion-1834612223-content\" class=\"accordion-inner\" aria-labelledby=\"accordion-1834612223-label\">\n\t\t\t\n\n<p>NANO SOMA unterst\u00fctzt die optimale K\u00f6rperfunktion* und ist f\u00fcr jeden geeignet.<\/p>\n\n\t\t<\/div>\n\t<\/div>\n\t\n\t<div id=\"accordion-1157435973\" class=\"accordion-item\">\n\t\t<a id=\"accordion-1157435973-label\" class=\"accordion-title plain\" href=\"#accordion-item-wann-ist-der-beste-zeitpunkt-f\u00fcr-die-einnahme-von-nano-soma?-sollte-es-mit-nahrung-oder-wasser-eingenommen-werden?-\" aria-expanded=\"false\" aria-controls=\"accordion-1157435973-content\">\n\t\t\t<button class=\"toggle\" aria-label=\"Umschalten\"><i class=\"icon-angle-down\" aria-hidden=\"true\"><\/i><\/button>\n\t\t\t<span>Wann ist der beste Zeitpunkt f\u00fcr die Einnahme von NANO SOMA? Sollte es mit Nahrung oder Wasser eingenommen werden? <\/span>\n\t\t<\/a>\n\t\t<div id=\"accordion-1157435973-content\" class=\"accordion-inner\" aria-labelledby=\"accordion-1157435973-label\">\n\t\t\t\n\n<p>NANO SOMA kann zu jeder Tageszeit und mit oder ohne Nahrung und Wasser eingenommen werden.<\/p>\n\n\t\t<\/div>\n\t<\/div>\n\t\n\t<div id=\"accordion-1612348374\" class=\"accordion-item\">\n\t\t<a id=\"accordion-1612348374-label\" class=\"accordion-title plain\" href=\"#accordion-item-darf-ich-nano-soma-einnehmen,-wenn-ich-eine-nahrungsmittelallergie-habe-(erdn\u00fcsse,-schalentiere,-sesam,-etc.)?\" aria-expanded=\"false\" aria-controls=\"accordion-1612348374-content\">\n\t\t\t<button class=\"toggle\" aria-label=\"Umschalten\"><i class=\"icon-angle-down\" aria-hidden=\"true\"><\/i><\/button>\n\t\t\t<span>Darf ich NANO SOMA einnehmen, wenn ich eine Nahrungsmittelallergie habe (Erdn\u00fcsse, Schalentiere, Sesam, etc.)?<\/span>\n\t\t<\/a>\n\t\t<div id=\"accordion-1612348374-content\" class=\"accordion-inner\" aria-labelledby=\"accordion-1612348374-label\">\n\t\t\t\n\n<p>NANO SOMA hat keine bekannten allergischen Reaktionen.<\/p>\n\n\t\t<\/div>\n\t<\/div>\n\t\n\t<div id=\"accordion-2252694197\" class=\"accordion-item\">\n\t\t<a id=\"accordion-2252694197-label\" class=\"accordion-title plain\" href=\"#accordion-item-darf-ich-nano-soma-zusammen-mit-rezeptpflichtigen-medikamenten-oder-blutverd\u00fcnnern-einnehmen?\" aria-expanded=\"false\" aria-controls=\"accordion-2252694197-content\">\n\t\t\t<button class=\"toggle\" aria-label=\"Umschalten\"><i class=\"icon-angle-down\" aria-hidden=\"true\"><\/i><\/button>\n\t\t\t<span>Darf ich NANO SOMA zusammen mit rezeptpflichtigen Medikamenten oder Blutverd\u00fcnnern einnehmen?<\/span>\n\t\t<\/a>\n\t\t<div id=\"accordion-2252694197-content\" class=\"accordion-inner\" aria-labelledby=\"accordion-2252694197-label\">\n\t\t\t\n\n<p>Es gibt keine bekannten Wechselwirkungen zwischen NANO SOMA und verschreibungspflichtigen Medikamenten.<\/p>\n\n\t\t<\/div>\n\t<\/div>\n\t\n\t<div id=\"accordion-1588788845\" class=\"accordion-item\">\n\t\t<a id=\"accordion-1588788845-label\" class=\"accordion-title plain\" href=\"#accordion-item-ist-nano-soma-sicher-f\u00fcr-kinder-und-s\u00e4uglinge?\" aria-expanded=\"false\" aria-controls=\"accordion-1588788845-content\">\n\t\t\t<button class=\"toggle\" aria-label=\"Umschalten\"><i class=\"icon-angle-down\" aria-hidden=\"true\"><\/i><\/button>\n\t\t\t<span>Ist NANO SOMA sicher f\u00fcr Kinder und S\u00e4uglinge?<\/span>\n\t\t<\/a>\n\t\t<div id=\"accordion-1588788845-content\" class=\"accordion-inner\" aria-labelledby=\"accordion-1588788845-label\">\n\t\t\t\n\n<p>Ja, NANO SOMA ist sicher f\u00fcr Kinder und S\u00e4uglinge, aber sprechen Sie mit Ihrem Arzt.<\/p>\n\n\t\t<\/div>\n\t<\/div>\n\t\n\t<div id=\"accordion-1020991017\" class=\"accordion-item\">\n\t\t<a id=\"accordion-1020991017-label\" class=\"accordion-title plain\" href=\"#accordion-item-welches-sind-die-empfohlenen-und-maximalen-tagesdosen?\" aria-expanded=\"false\" aria-controls=\"accordion-1020991017-content\">\n\t\t\t<button class=\"toggle\" aria-label=\"Umschalten\"><i class=\"icon-angle-down\" aria-hidden=\"true\"><\/i><\/button>\n\t\t\t<span>Welches sind die empfohlenen und maximalen Tagesdosen?<\/span>\n\t\t<\/a>\n\t\t<div id=\"accordion-1020991017-content\" class=\"accordion-inner\" aria-labelledby=\"accordion-1020991017-label\">\n\t\t\t\n\n<p>Die \u00fcbliche Menge, um gesund zu bleiben, sind f\u00fcnf Spr\u00fchst\u00f6\u00dfe von NANO SOMA pro Tag. Sie k\u00f6nnen auch mehr verwenden, wenn Sie m\u00f6chten. <strong><a href=\"https:\/\/iwantmyhealthback.com\/de\/verwendungsprotokoll\/\">Dieser Artikel<\/a><\/strong> enth\u00e4lt weitere Einzelheiten zur Anwendung der MagicDichol Produktfamilie. <\/p>\n\n\t\t<\/div>\n\t<\/div>\n\t\n\t<div id=\"accordion-1423922535\" class=\"accordion-item\">\n\t\t<a id=\"accordion-1423922535-label\" class=\"accordion-title plain\" href=\"#accordion-item-hat-nano-soma-nebenwirkungen?\" aria-expanded=\"false\" aria-controls=\"accordion-1423922535-content\">\n\t\t\t<button class=\"toggle\" aria-label=\"Umschalten\"><i class=\"icon-angle-down\" aria-hidden=\"true\"><\/i><\/button>\n\t\t\t<span>Hat NANO SOMA Nebenwirkungen?<\/span>\n\t\t<\/a>\n\t\t<div id=\"accordion-1423922535-content\" class=\"accordion-inner\" aria-labelledby=\"accordion-1423922535-label\">\n\t\t\t\n\n<p>NANO SOMA wird aus rein nat\u00fcrlichen Zutaten aus der Nahrung hergestellt und hat keine bekannten Nebenwirkungen. Sein Entwickler sagt, es sei sicherer als Salz und Zucker. <\/p>\n\n\t\t<\/div>\n\t<\/div>\n\t\n\n<\/div>\n\n\t\t<\/div>\n\t\t\t\t\t<\/div>\n\n\t\n\n<\/div>\n\n\t\t<\/div>\n\n\t\t\n<style>\n#section_1244789534 {\n  padding-top: 30px;\n  padding-bottom: 30px;\n}\n<\/style>\n\t<\/section>\n\t\n\n","protected":false},"excerpt":{"rendered":"","protected":false},"author":2,"featured_media":0,"parent":0,"menu_order":0,"comment_status":"closed","ping_status":"closed","template":"","meta":{"bwfblock_default_font":"","_uag_custom_page_level_css":"","footnotes":""},"class_list":["post-12860","page","type-page","status-publish","hentry"],"uagb_featured_image_src":{"full":false,"thumbnail":false,"medium":false,"medium_large":false,"large":false,"1536x1536":false,"2048x2048":false,"woocommerce_thumbnail":false,"woocommerce_single":false,"woocommerce_gallery_thumbnail":false},"uagb_author_info":{"display_name":"IWantMyHealthBack","author_link":"https:\/\/iwantmyhealthback.com\/de\/author\/anthonette\/"},"uagb_comment_info":0,"uagb_excerpt":null,"_links":{"self":[{"href":"https:\/\/iwantmyhealthback.com\/de\/wp-json\/wp\/v2\/pages\/12860","targetHints":{"allow":["GET"]}}],"collection":[{"href":"https:\/\/iwantmyhealthback.com\/de\/wp-json\/wp\/v2\/pages"}],"about":[{"href":"https:\/\/iwantmyhealthback.com\/de\/wp-json\/wp\/v2\/types\/page"}],"author":[{"embeddable":true,"href":"https:\/\/iwantmyhealthback.com\/de\/wp-json\/wp\/v2\/users\/2"}],"replies":[{"embeddable":true,"href":"https:\/\/iwantmyhealthback.com\/de\/wp-json\/wp\/v2\/comments?post=12860"}],"version-history":[{"count":0,"href":"https:\/\/iwantmyhealthback.com\/de\/wp-json\/wp\/v2\/pages\/12860\/revisions"}],"wp:attachment":[{"href":"https:\/\/iwantmyhealthback.com\/de\/wp-json\/wp\/v2\/media?parent=12860"}],"curies":[{"name":"wp","href":"https:\/\/api.w.org\/{rel}","templated":true}]}}