{"id":12858,"date":"2025-01-31T12:54:33","date_gmt":"2025-01-31T16:54:33","guid":{"rendered":"https:\/\/iwantmyhealthback.com\/joanne-aarstol-zeugenaussage\/"},"modified":"2025-05-21T08:44:45","modified_gmt":"2025-05-21T12:44:45","slug":"joanne-aarstol-zeugenaussage","status":"publish","type":"page","link":"https:\/\/iwantmyhealthback.com\/de\/joanne-aarstol-zeugenaussage\/","title":{"rendered":"Joanne Aarstol Zeugenaussage"},"content":{"rendered":"\n\n\t<section class=\"section\" id=\"section_1206123628\">\n\t\t<div class=\"section-bg fill\" >\n\t\t\t\t\t\t\t\t\t\n\t\t\t\n\n\t\t<\/div>\n\n\t\t\n\n\t\t<div class=\"section-content relative\">\n\t\t\t\n\n<div class=\"row\"  id=\"row-508495155\">\n\n\n\t<div id=\"col-1254790627\" class=\"col hide-for-small medium-1 small-12 large-1\"  >\n\t\t\t\t<div class=\"col-inner\"  >\n\t\t\t\n\t\t\t\n\n\n\t\t<\/div>\n\t\t\t\t\t<\/div>\n\n\t\n\n\t<div id=\"col-1164291399\" class=\"col medium-10 small-12 large-10\"  >\n\t\t\t\t<div class=\"col-inner text-center\"  >\n\t\t\t\n\t\t\t\n\n\t<div id=\"text-2570708776\" class=\"text\">\n\t\t\n\n<p>Joanne Aarstol erz\u00e4hlt von ihrer Erfolgsgeschichte mit MS und der Hilfe von NANO SOMA \u00ae<\/p>\n\n\t\t\n<style>\n#text-2570708776 {\n  font-size: 1.5rem;\n  text-align: center;\n}\n@media (min-width:850px) {\n  #text-2570708776 {\n    font-size: 2rem;\n  }\n}\n<\/style>\n\t<\/div>\n\t\n<div class=\"video video-fit mb\" style=\"padding-top:56.25%;\"><iframe loading=\"lazy\" title=\"Joanne Aarstol shares her recovery from MS with the help of NANO SOMA\u00ae\" src=\"https:\/\/player.vimeo.com\/video\/933546338?dnt=1&amp;app_id=122963\" width=\"1020\" height=\"574\" frameborder=\"0\" allow=\"autoplay; fullscreen; picture-in-picture; clipboard-write; encrypted-media\"><\/iframe><\/div>\n\n<a href=\"https:\/\/iwantmyhealthback.com\/de\/jetzt-einkaufen\/\" target=\"_blank\" class=\"button primary is-larger\" rel=\"noopener\" style=\"border-radius:10px;\">\n\t\t<span>HOLEN SIE SICH JETZT NANO SOMA\u00ae!<\/span>\n\t<\/a>\n\n\n\n\t\t<\/div>\n\t\t\t\t\t<\/div>\n\n\t\n\n\t<div id=\"col-1288492820\" class=\"col hide-for-small medium-1 small-12 large-1\"  >\n\t\t\t\t<div class=\"col-inner\"  >\n\t\t\t\n\t\t\t\n\n\n\t\t<\/div>\n\t\t\t\t\t<\/div>\n\n\t\n\n<\/div>\n\t<div id=\"text-2428050142\" class=\"text\">\n\t\t\n\n<p><em><span style=\"font-size: 120%;\">Die Aussagen in diesem Video beruhen auf den individuellen Erfahrungen dieses Anwenders und stellen nicht garantiert die Ergebnisse dar, die jeder Anwender erzielen kann. NANO SOMA\u00ae wurde entwickelt, um die nat\u00fcrlichen Funktionen des K\u00f6rpers zu unterst\u00fctzen, und die Ergebnisse k\u00f6nnen variieren. <\/span><\/em><\/p>\n\t\t\n<style>\n#text-2428050142 {\n  font-size: 0.75rem;\n  text-align: center;\n}\n<\/style>\n\t<\/div>\n\t\n\n\t\t<\/div>\n\n\t\t\n<style>\n#section_1206123628 {\n  padding-top: 30px;\n  padding-bottom: 30px;\n}\n<\/style>\n\t<\/section>\n\t\n\n\n\t<section class=\"section\" id=\"section_2104504725\">\n\t\t<div class=\"section-bg fill\" >\n\t\t\t\t\t\t\t\t\t\n\t\t\t\n\n\t\t<\/div>\n\n\t\t\n\n\t\t<div class=\"section-content relative\">\n\t\t\t\n\n<div class=\"row\"  id=\"row-715514339\">\n\n\n\t<div id=\"col-1330724576\" class=\"col small-12 large-12\"  >\n\t\t\t\t<div class=\"col-inner\"  >\n\t\t\t\n\t<div class=\"is-border\"\n\t\tstyle=\"border-color:#767676;border-width:2px 2px 2px 2px;\">\n\t<\/div>\n\t\t\t\n\n\t<div id=\"text-2946825228\" class=\"text\">\n\t\t\n\n<p><strong>*Diese Aussagen wurden nicht von der US Food and Drug Administration bewertet. Dieses Produkt ist nicht dazu bestimmt, Krankheiten zu diagnostizieren oder zu verschreiben oder solche Krankheiten zu verhindern, zu behandeln, zu lindern oder zu heilen. Wenn Sie eine Krankheit oder ein medizinisches Problem haben, wenden Sie sich an Ihren Arzt.  <\/strong><\/p>\n\t\t\n<style>\n#text-2946825228 {\n  font-size: 0.9rem;\n  text-align: left;\n}\n<\/style>\n\t<\/div>\n\t\n\n\t\t<\/div>\n\t\t\t\t\n<style>\n#col-1330724576 > .col-inner {\n  padding: 10px 20px 5px 20px;\n}\n<\/style>\n\t<\/div>\n\n\t\n\n<\/div>\n\n\t\t<\/div>\n\n\t\t\n<style>\n#section_2104504725 {\n  padding-top: 0px;\n  padding-bottom: 0px;\n}\n@media (min-width:550px) {\n  #section_2104504725 {\n    padding-top: 30px;\n    padding-bottom: 30px;\n  }\n}\n<\/style>\n\t<\/section>\n\t\n\n","protected":false},"excerpt":{"rendered":"","protected":false},"author":2,"featured_media":0,"parent":0,"menu_order":0,"comment_status":"closed","ping_status":"closed","template":"","meta":{"bwfblock_default_font":"","_uag_custom_page_level_css":"","footnotes":""},"class_list":["post-12858","page","type-page","status-publish","hentry"],"uagb_featured_image_src":{"full":false,"thumbnail":false,"medium":false,"medium_large":false,"large":false,"1536x1536":false,"2048x2048":false,"woocommerce_thumbnail":false,"woocommerce_single":false,"woocommerce_gallery_thumbnail":false},"uagb_author_info":{"display_name":"IWantMyHealthBack","author_link":"https:\/\/iwantmyhealthback.com\/de\/author\/anthonette\/"},"uagb_comment_info":0,"uagb_excerpt":null,"_links":{"self":[{"href":"https:\/\/iwantmyhealthback.com\/de\/wp-json\/wp\/v2\/pages\/12858","targetHints":{"allow":["GET"]}}],"collection":[{"href":"https:\/\/iwantmyhealthback.com\/de\/wp-json\/wp\/v2\/pages"}],"about":[{"href":"https:\/\/iwantmyhealthback.com\/de\/wp-json\/wp\/v2\/types\/page"}],"author":[{"embeddable":true,"href":"https:\/\/iwantmyhealthback.com\/de\/wp-json\/wp\/v2\/users\/2"}],"replies":[{"embeddable":true,"href":"https:\/\/iwantmyhealthback.com\/de\/wp-json\/wp\/v2\/comments?post=12858"}],"version-history":[{"count":0,"href":"https:\/\/iwantmyhealthback.com\/de\/wp-json\/wp\/v2\/pages\/12858\/revisions"}],"wp:attachment":[{"href":"https:\/\/iwantmyhealthback.com\/de\/wp-json\/wp\/v2\/media?parent=12858"}],"curies":[{"name":"wp","href":"https:\/\/api.w.org\/{rel}","templated":true}]}}