{"id":12847,"date":"2024-07-07T03:56:08","date_gmt":"2024-07-07T07:56:08","guid":{"rendered":"https:\/\/iwantmyhealthback.com\/metadichol-u-s-patente\/"},"modified":"2025-06-19T08:50:14","modified_gmt":"2025-06-19T12:50:14","slug":"metadichol-u-s-patente","status":"publish","type":"page","link":"https:\/\/iwantmyhealthback.com\/de\/metadichol-u-s-patente\/","title":{"rendered":"METADICHOL\u00ae U.S. PATENTE"},"content":{"rendered":"\n\n\t<section class=\"section has-scroll-for-more\" id=\"section_1101817068\">\n\t\t<div class=\"section-bg fill\" >\n\t\t\t\t\t\t\t\t\t<button class=\"scroll-for-more z-5 icon absolute bottom h-center\" aria-label=\"Scrollen f\u00fcr mehr\"><i class=\"icon-angle-down\" aria-hidden=\"true\" style=\"font-size:42px;\"><\/i><\/button>\n\t\t\t\n\t<div class=\"is-border\"\n\t\tstyle=\"border-width:0px 0px 0px 0px;\">\n\t<\/div>\n\n\t\t<\/div>\n\n\t\t\n\n\t\t<div class=\"section-content relative\">\n\t\t\t\n\n<div class=\"row align-center\"  id=\"row-184973906\">\n\n\n\t<div id=\"col-536272437\" class=\"col medium-8 small-10 large-10\"  >\n\t\t\t\t<div class=\"col-inner text-center\"  >\n\t\t\t\n\t\t\t\n\n<h3>Wissenschaft<\/h3>\n<h2 style=\"font-size:250%;\">METADICHOL\u00ae U.S. PATENTE<\/h2>\n\n\n\t\t<\/div>\n\t\t\t\t\n<style>\n#col-536272437 > .col-inner {\n  padding: 40px 0px 0px 0px;\n}\n<\/style>\n\t<\/div>\n\n\t\n\n<\/div>\n\n\t\t<\/div>\n\n\t\t\n<style>\n#section_1101817068 {\n  padding-top: 0px;\n  padding-bottom: 0px;\n}\n@media (min-width:550px) {\n  #section_1101817068 {\n    padding-top: 30px;\n    padding-bottom: 30px;\n  }\n}\n<\/style>\n\t<\/section>\n\t\n\n\t<section class=\"section\" id=\"section_1694901082\">\n\t\t<div class=\"section-bg fill\" >\n\t\t\t\t\t\t\t\t\t\n\t\t\t\n\n\t\t<\/div>\n\n\t\t\n\n\t\t<div class=\"section-content relative\">\n\t\t\t\n\n<div class=\"row row-large\"  id=\"row-1958445286\">\n\n\n\t<div id=\"col-849455175\" class=\"col medium-5 small-12 large-5\"  >\n\t\t\t\t<div class=\"col-inner\"  >\n\t\t\t\n\t\t\t\n\n<h6 class=\"uppercase secondary-color\">Wissenschaft<\/h6>\n<h1>U.S. Patente Nr.<\/h1>\n<p>Diese Aussagen wurden nicht von der US Food and Drug Administration bewertet. Dieses Produkt ist nicht dazu bestimmt, eine Krankheit zu diagnostizieren oder zu verschreiben, noch eine solche Krankheit zu verhindern, zu behandeln, zu lindern oder zu heilen. Wenn Sie eine Krankheit oder ein medizinisches Problem haben, wenden Sie sich bitte an Ihren Arzt.  <\/p>\n<div class=\"accordion\">\n\n\t<div id=\"accordion-2860966334\" class=\"accordion-item\">\n\t\t<a id=\"accordion-2860966334-label\" class=\"accordion-title plain\" href=\"#accordion-item-u.s.-patent-nr.-us-8,722,093-b2-\" aria-expanded=\"false\" aria-controls=\"accordion-2860966334-content\">\n\t\t\t<button class=\"toggle\" aria-label=\"Umschalten\"><i class=\"icon-angle-down\" aria-hidden=\"true\"><\/i><\/button>\n\t\t\t<span>U.S. Patent Nr. US 8,722,093 B2 <\/span>\n\t\t<\/a>\n\t\t<div id=\"accordion-2860966334-content\" class=\"accordion-inner\" aria-labelledby=\"accordion-2860966334-label\">\n\t\t\t\n\n<p>Verfahren zur Erh\u00f6hung des Serum-Vitamin-C-Spiegels bei einem Probanden.Verfahren zur Hemmung des NF-\u03baB-Proteinspiegels bei einem Probanden.Verfahren zur Erh\u00f6hung des Adiponectinspiegels bei einem Probanden.Verfahren zur Verringerung des TNF-alpha-Spiegels bei einem Probanden.<\/p>\n\n\t\t<\/div>\n\t<\/div>\n\t\n\t<div id=\"accordion-2954065825\" class=\"accordion-item\">\n\t\t<a id=\"accordion-2954065825-label\" class=\"accordion-title plain\" href=\"#accordion-item-u.s.-patent-nr.-us-9,006,292-b2-\" aria-expanded=\"false\" aria-controls=\"accordion-2954065825-content\">\n\t\t\t<button class=\"toggle\" aria-label=\"Umschalten\"><i class=\"icon-angle-down\" aria-hidden=\"true\"><\/i><\/button>\n\t\t\t<span>U.S. Patent Nr. US 9,006,292 B2 <\/span>\n\t\t<\/a>\n\t\t<div id=\"accordion-2954065825-content\" class=\"accordion-inner\" aria-labelledby=\"accordion-2954065825-label\">\n\t\t\t\n\n<p>Verfahren zur Behandlung einer Hautkrankheit bei einem Patienten, umfassend: Psoriasis, atopische Dermatitis, Kontaktderma&#8230;und andere mit dem Blutzuckerspiegel zusammenh\u00e4ngende Zust\u00e4nde. In noch weiteren Ausf\u00fchrungsformen sind die Formulierungen zur Regulierung, z.B. Erh\u00f6hung, des Vitamin C-Plasmaspiegels und zur Senkung des systolischen und diastolischen Blutdrucks geeignet. In anderen Ausf\u00fchrungsformen werden die Formulierungen zur Hemmung von PAI-1 (Plasminogen-Aktivierungsinhibitor) verwendet. In anderen Ausf\u00fchrungsformen dienen die Formulierungen zur Erh\u00f6hung von DDP-IV, das bei der Krebsbehandlung n\u00fctzlich sein k\u00f6nnte.   <\/p>\n\n\t\t<\/div>\n\t<\/div>\n\t\n\n<\/div>\n\n\t\t<\/div>\n\t\t\t\t\t<\/div>\n\n\t\n\n\t<div id=\"col-2065492598\" class=\"col hide-for-small medium-1 small-12 large-1\"  >\n\t\t\t\t<div class=\"col-inner\"  >\n\t\t\t\n\t\t\t\n\n\t<div id=\"gap-1295559782\" class=\"gap-element clearfix\" style=\"display:block; height:auto;\">\n\t\t\n<style>\n#gap-1295559782 {\n  padding-top: 360px;\n}\n<\/style>\n\t<\/div>\n\t\n\n\n\t\t<\/div>\n\t\t\t\t\n<style>\n#col-2065492598 > .col-inner {\n  margin: -20px -80px -20px 80px;\n}\n<\/style>\n\t<\/div>\n\n\t\n\n\t<div id=\"col-222192373\" class=\"col medium-6 small-12 large-6 small-col-first\"  >\n\t\t\t\t<div class=\"col-inner\"  >\n\t\t\t\n\t\t\t\n\n\n  <div class=\"banner has-hover\" id=\"banner-237050213\">\n          <div class=\"banner-inner fill\">\n        <div class=\"banner-bg fill\" >\n            <img loading=\"lazy\" decoding=\"async\" width=\"1080\" height=\"1080\" src=\"https:\/\/iwantmyhealthback.com\/wp-content\/uploads\/2024\/07\/US-Patented.jpg\" class=\"bg attachment-original size-original\" alt=\"\" \/>                                    \n                    <\/div>\n\t\t\n        <div class=\"banner-layers container\">\n            <div class=\"fill banner-link\"><\/div>            \n\n   <div id=\"text-box-718652915\" class=\"text-box banner-layer x50 md-x50 lg-x50 y50 md-y50 lg-y50 res-text\">\n                                <div class=\"text-box-content text dark\">\n              \n              <div class=\"text-inner text-center\">\n                  \n\n\n              <\/div>\n           <\/div>\n                            \n<style>\n#text-box-718652915 {\n  width: 60%;\n}\n#text-box-718652915 .text-box-content {\n  font-size: 100%;\n}\n@media (min-width:550px) {\n  #text-box-718652915 {\n    width: 60%;\n  }\n}\n<\/style>\n    <\/div>\n \n\n        <\/div>\n      <\/div>\n\n            \n<style>\n#banner-237050213 {\n  padding-top: 400px;\n  background-color: rgb(247, 245, 244);\n}\n<\/style>\n  <\/div>\n\n\n\n\t\t<\/div>\n\t\t\t\t\t<\/div>\n\n\t\n\n<\/div>\n<div class=\"row\"  id=\"row-1336290734\">\n\n\n\t<div id=\"col-47349397\" class=\"col small-12 large-12\"  >\n\t\t\t\t<div class=\"col-inner text-center\"  >\n\t\t\t\n\t\t\t\n\n<a href=\"https:\/\/magicdichol.info\/shop-now\" class=\"button primary is-larger\" target=\"_blank\" rel=\"noopener\">\n\t\t<span>JETZT EINKAUFEN<\/span>\n\t<\/a>\n\n\n\n\t\t<\/div>\n\t\t\t\t\t<\/div>\n\n\t\n\n<\/div>\n\n\t\t<\/div>\n\n\t\t\n<style>\n#section_1694901082 {\n  padding-top: 0px;\n  padding-bottom: 0px;\n}\n@media (min-width:550px) {\n  #section_1694901082 {\n    padding-top: 120px;\n    padding-bottom: 120px;\n  }\n}\n<\/style>\n\t<\/section>\n\t\n\n","protected":false},"excerpt":{"rendered":"","protected":false},"author":2,"featured_media":0,"parent":0,"menu_order":0,"comment_status":"closed","ping_status":"closed","template":"","meta":{"bwfblock_default_font":"","_uag_custom_page_level_css":"","footnotes":""},"class_list":["post-12847","page","type-page","status-publish","hentry"],"uagb_featured_image_src":{"full":false,"thumbnail":false,"medium":false,"medium_large":false,"large":false,"1536x1536":false,"2048x2048":false,"woocommerce_thumbnail":false,"woocommerce_single":false,"woocommerce_gallery_thumbnail":false},"uagb_author_info":{"display_name":"IWantMyHealthBack","author_link":"https:\/\/iwantmyhealthback.com\/de\/author\/anthonette\/"},"uagb_comment_info":0,"uagb_excerpt":null,"_links":{"self":[{"href":"https:\/\/iwantmyhealthback.com\/de\/wp-json\/wp\/v2\/pages\/12847","targetHints":{"allow":["GET"]}}],"collection":[{"href":"https:\/\/iwantmyhealthback.com\/de\/wp-json\/wp\/v2\/pages"}],"about":[{"href":"https:\/\/iwantmyhealthback.com\/de\/wp-json\/wp\/v2\/types\/page"}],"author":[{"embeddable":true,"href":"https:\/\/iwantmyhealthback.com\/de\/wp-json\/wp\/v2\/users\/2"}],"replies":[{"embeddable":true,"href":"https:\/\/iwantmyhealthback.com\/de\/wp-json\/wp\/v2\/comments?post=12847"}],"version-history":[{"count":0,"href":"https:\/\/iwantmyhealthback.com\/de\/wp-json\/wp\/v2\/pages\/12847\/revisions"}],"wp:attachment":[{"href":"https:\/\/iwantmyhealthback.com\/de\/wp-json\/wp\/v2\/media?parent=12847"}],"curies":[{"name":"wp","href":"https:\/\/api.w.org\/{rel}","templated":true}]}}