{"id":12844,"date":"2025-03-06T23:05:51","date_gmt":"2025-03-07T03:05:51","guid":{"rendered":"https:\/\/iwantmyhealthback.com\/nano-soma-das-lebensmittel-das-wir-alle-jeden-tag-zu-uns-nehmen-sollten\/"},"modified":"2025-05-21T03:07:14","modified_gmt":"2025-05-21T07:07:14","slug":"nano-soma-das-lebensmittel-das-wir-alle-jeden-tag-zu-uns-nehmen-sollten","status":"publish","type":"page","link":"https:\/\/iwantmyhealthback.com\/de\/nano-soma-das-lebensmittel-das-wir-alle-jeden-tag-zu-uns-nehmen-sollten\/","title":{"rendered":"NANO SOMA\u00ae &#8211; das Lebensmittel, das wir alle jeden Tag zu uns nehmen sollten"},"content":{"rendered":"\n\t<div id=\"text-3554753720\" class=\"text\">\n\t\t\n\n<h1>NANO SOMA\u00ae &#8211; das Lebensmittel, das wir alle jeden Tag zu uns nehmen sollten<br><\/h1>\n\t\t\n<style>\n#text-3554753720 {\n  text-align: center;\n}\n<\/style>\n\t<\/div>\n\t\n<div class=\"row\"  id=\"row-460056030\">\n\n\n\t<div id=\"col-787284666\" class=\"col medium-2 small-12 large-2\"  >\n\t\t\t\t<div class=\"col-inner\"  >\n\t\t\t\n\t\t\t\n\n\n\t\t<\/div>\n\t\t\t\t\t<\/div>\n\n\t\n\n\t<div id=\"col-1198656283\" class=\"col medium-8 small-12 large-8\"  >\n\t\t\t\t<div class=\"col-inner text-center\"  >\n\t\t\t\n\t\t\t\n\n<div class=\"video video-fit mb\" style=\"padding-top:56.25%;\"><iframe loading=\"lazy\" title=\"NANO SOMA\u00ae - the food we should all consume every day\" src=\"https:\/\/player.vimeo.com\/video\/1052693490?dnt=1&amp;app_id=122963\" width=\"1020\" height=\"574\" frameborder=\"0\" allow=\"autoplay; fullscreen; picture-in-picture; clipboard-write; encrypted-media\"><\/iframe><\/div>\n\n<a href=\"https:\/\/iwantmyhealthback.com\/de\/jetzt-einkaufen\/\" target=\"_blank\" class=\"button primary is-larger\" rel=\"noopener\" style=\"border-radius:10px;\">\n\t\t<span>Bestellen Sie NANO SOMA\u00ae noch heute<\/span>\n\t<\/a>\n\n\n\n\t\t<\/div>\n\t\t\t\t\t<\/div>\n\n\t\n\n\t<div id=\"col-422654021\" class=\"col medium-2 small-12 large-2\"  >\n\t\t\t\t<div class=\"col-inner\"  >\n\t\t\t\n\t\t\t\n\n\n\t\t<\/div>\n\t\t\t\t\t<\/div>\n\n\t\n\n<\/div>\n\n\t<section class=\"section\" id=\"section_653795900\">\n\t\t<div class=\"section-bg fill\" >\n\t\t\t\t\t\t\t\t\t\n\t\t\t\n\n\t\t<\/div>\n\n\t\t\n\n\t\t<div class=\"section-content relative\">\n\t\t\t\n\n<div class=\"row\"  id=\"row-684461259\">\n\n\n\t<div id=\"col-1317643330\" class=\"col small-12 large-12\"  >\n\t\t\t\t<div class=\"col-inner text-center\"  >\n\t\t\t\n\t\t\t\n\n\t<div id=\"gap-971429110\" class=\"gap-element clearfix\" style=\"display:block; height:auto;\">\n\t\t\n<style>\n#gap-971429110 {\n  padding-top: 30px;\n}\n<\/style>\n\t<\/div>\n\t\n\n<div class=\"row\"  id=\"row-146439728\">\n\n\n\t<div id=\"col-551437039\" class=\"col medium-6 small-12 large-6\"  >\n\t\t\t\t<div class=\"col-inner text-center\"  >\n\t\t\t\n\t<div class=\"is-border\"\n\t\tstyle=\"border-width:1px 1px 1px 1px;\">\n\t<\/div>\n\t\t\t\n\n\t<div class=\"img has-hover x md-x lg-x y md-y lg-y\" id=\"image_586333327\">\n\t\t\t\t\t\t\t\t<div class=\"img-inner dark\" >\n\t\t\t<img loading=\"lazy\" decoding=\"async\" width=\"150\" height=\"150\" src=\"https:\/\/iwantmyhealthback.com\/wp-content\/uploads\/2025\/03\/Immune-150x150-1.webp\" class=\"attachment-original size-original\" alt=\"\" srcset=\"https:\/\/iwantmyhealthback.com\/wp-content\/uploads\/2025\/03\/Immune-150x150-1.webp 150w, https:\/\/iwantmyhealthback.com\/wp-content\/uploads\/2025\/03\/Immune-150x150-1-100x100.webp 100w\" sizes=\"auto, (max-width: 150px) 100vw, 150px\" \/>\t\t\t\t\t\t\n\t\t\t\t\t<\/div>\n\t\t\t\t\t\t\t\t\n<style>\n#image_586333327 {\n  width: 30%;\n}\n<\/style>\n\t<\/div>\n\t\n\n\t<div id=\"text-987365600\" class=\"text\">\n\t\t\n\n<p><strong>IMMUNSYSTEM-KRIEGER<\/strong><\/p>\n\t\t\n<style>\n#text-987365600 {\n  font-size: 1.5rem;\n}\n<\/style>\n\t<\/div>\n\t\n\t<div id=\"text-2277499008\" class=\"text\">\n\t\t\n\n<p>St\u00e4rken Sie die nat\u00fcrlichen Abwehrkr\u00e4fte Ihres K\u00f6rpers mit einer patentierten L\u00f6sung, die Ihre Immunabwehr st\u00e4rkt.<\/p>\n\t\t\n<style>\n#text-2277499008 {\n  font-size: 0.95rem;\n}\n<\/style>\n\t<\/div>\n\t\n\n\t\t<\/div>\n\t\t\t\t\n<style>\n#col-551437039 > .col-inner {\n  padding: 10px 10px 10px 10px;\n}\n<\/style>\n\t<\/div>\n\n\t\n\n\t<div id=\"col-253624956\" class=\"col medium-6 small-12 large-6\"  >\n\t\t\t\t<div class=\"col-inner text-center\"  >\n\t\t\t\n\t<div class=\"is-border\"\n\t\tstyle=\"border-width:1px 1px 1px 1px;\">\n\t<\/div>\n\t\t\t\n\n\t<div class=\"img has-hover x md-x lg-x y md-y lg-y\" id=\"image_28243583\">\n\t\t\t\t\t\t\t\t<div class=\"img-inner dark\" >\n\t\t\t<img loading=\"lazy\" decoding=\"async\" width=\"150\" height=\"150\" src=\"https:\/\/iwantmyhealthback.com\/wp-content\/uploads\/2025\/03\/energize-150x150-1.png\" class=\"attachment-large size-large\" alt=\"\" srcset=\"https:\/\/iwantmyhealthback.com\/wp-content\/uploads\/2025\/03\/energize-150x150-1.png 150w, https:\/\/iwantmyhealthback.com\/wp-content\/uploads\/2025\/03\/energize-150x150-1-100x100.png 100w\" sizes=\"auto, (max-width: 150px) 100vw, 150px\" \/>\t\t\t\t\t\t\n\t\t\t\t\t<\/div>\n\t\t\t\t\t\t\t\t\n<style>\n#image_28243583 {\n  width: 30%;\n}\n<\/style>\n\t<\/div>\n\t\n\n\t<div id=\"text-1494400961\" class=\"text\">\n\t\t\n\n<p><strong>IHRE ZELLEN MIT ENERGIE VERSORGEN<\/strong><\/p>\n\t\t\n<style>\n#text-1494400961 {\n  font-size: 1.5rem;\n}\n<\/style>\n\t<\/div>\n\t\n\t<div id=\"text-4151476597\" class=\"text\">\n\t\t\n\n<p>Laden Sie Ihr Leben auf zellul\u00e4rer Ebene auf &#8211; f\u00fchlen Sie sich <br>mit jedem Spr\u00fchsto\u00df verj\u00fcngt.<\/p>\n\t\t\n<style>\n#text-4151476597 {\n  font-size: 0.95rem;\n  text-align: center;\n}\n<\/style>\n\t<\/div>\n\t\n\n\t\t<\/div>\n\t\t\t\t\n<style>\n#col-253624956 > .col-inner {\n  padding: 10px 10px 10px 10px;\n}\n<\/style>\n\t<\/div>\n\n\t\n\n<\/div>\n<div class=\"row\"  id=\"row-1601123119\">\n\n\n\t<div id=\"col-1364702575\" class=\"col medium-6 small-12 large-6\"  >\n\t\t\t\t<div class=\"col-inner text-center\"  >\n\t\t\t\n\t<div class=\"is-border\"\n\t\tstyle=\"border-width:1px 1px 1px 1px;\">\n\t<\/div>\n\t\t\t\n\n\t<div class=\"img has-hover x md-x lg-x y md-y lg-y\" id=\"image_546007368\">\n\t\t\t\t\t\t\t\t<div class=\"img-inner dark\" >\n\t\t\t<img loading=\"lazy\" decoding=\"async\" width=\"150\" height=\"150\" src=\"https:\/\/iwantmyhealthback.com\/wp-content\/uploads\/2025\/03\/cognitive-150x150-1.png\" class=\"attachment-large size-large\" alt=\"\" srcset=\"https:\/\/iwantmyhealthback.com\/wp-content\/uploads\/2025\/03\/cognitive-150x150-1.png 150w, https:\/\/iwantmyhealthback.com\/wp-content\/uploads\/2025\/03\/cognitive-150x150-1-100x100.png 100w\" sizes=\"auto, (max-width: 150px) 100vw, 150px\" \/>\t\t\t\t\t\t\n\t\t\t\t\t<\/div>\n\t\t\t\t\t\t\t\t\n<style>\n#image_546007368 {\n  width: 30%;\n}\n<\/style>\n\t<\/div>\n\t\n\n\t<div id=\"text-3226765549\" class=\"text\">\n\t\t\n\n<p><strong>KOGNITIVE KLARHEIT<\/strong><\/p>\n\t\t\n<style>\n#text-3226765549 {\n  font-size: 1.5rem;\n}\n<\/style>\n\t<\/div>\n\t\n\t<div id=\"text-1307169651\" class=\"text\">\n\t\t\n\n<p>Machen Sie den Nebel frei f\u00fcr einen sch\u00e4rferen Verstand und ein Ged\u00e4chtnis, das dem Alter trotzt.<\/p>\n\t\t\n<style>\n#text-1307169651 {\n  font-size: 0.95rem;\n}\n<\/style>\n\t<\/div>\n\t\n\n\t\t<\/div>\n\t\t\t\t\n<style>\n#col-1364702575 > .col-inner {\n  padding: 10px 10px 10px 10px;\n}\n<\/style>\n\t<\/div>\n\n\t\n\n\t<div id=\"col-722539743\" class=\"col medium-6 small-12 large-6\"  >\n\t\t\t\t<div class=\"col-inner text-center\"  >\n\t\t\t\n\t<div class=\"is-border\"\n\t\tstyle=\"border-width:1px 1px 1px 1px;\">\n\t<\/div>\n\t\t\t\n\n\t<div class=\"img has-hover x md-x lg-x y md-y lg-y\" id=\"image_884394386\">\n\t\t\t\t\t\t\t\t<div class=\"img-inner dark\" >\n\t\t\t<img loading=\"lazy\" decoding=\"async\" width=\"150\" height=\"150\" src=\"https:\/\/iwantmyhealthback.com\/wp-content\/uploads\/2025\/03\/VITALITY-150x150-1.png\" class=\"attachment-large size-large\" alt=\"\" srcset=\"https:\/\/iwantmyhealthback.com\/wp-content\/uploads\/2025\/03\/VITALITY-150x150-1.png 150w, https:\/\/iwantmyhealthback.com\/wp-content\/uploads\/2025\/03\/VITALITY-150x150-1-100x100.png 100w\" sizes=\"auto, (max-width: 150px) 100vw, 150px\" \/>\t\t\t\t\t\t\n\t\t\t\t\t<\/div>\n\t\t\t\t\t\t\t\t\n<style>\n#image_884394386 {\n  width: 30%;\n}\n<\/style>\n\t<\/div>\n\t\n\n\t<div id=\"text-921383285\" class=\"text\">\n\t\t\n\n<p><strong>VITALIT\u00c4T, DIE PULSIERT<\/strong><\/p>\n\t\t\n<style>\n#text-921383285 {\n  font-size: 1.5rem;\n}\n<\/style>\n\t<\/div>\n\t\n\t<div id=\"text-2502778550\" class=\"text\">\n\t\t\n\n<p>Verbessern Sie die Gesundheit des Herzens und des Kreislaufs f\u00fcr ein Leben voller Vitalit\u00e4t.<\/p>\n\t\t\n<style>\n#text-2502778550 {\n  font-size: 0.95rem;\n}\n<\/style>\n\t<\/div>\n\t\n\n\t\t<\/div>\n\t\t\t\t\n<style>\n#col-722539743 > .col-inner {\n  padding: 10px 10px 10px 10px;\n}\n<\/style>\n\t<\/div>\n\n\t\n\n<\/div>\n<a href=\"https:\/\/iwantmyhealthback.com\/de\/jetzt-einkaufen\/\" class=\"button primary is-larger\" style=\"border-radius:10px;\">\n\t\t<span>ICH WILL NANO SOMA\u00ae Heute<\/span>\n\t<\/a>\n\n\n\n\t\t<\/div>\n\t\t\t\t\t<\/div>\n\n\t\n\n<\/div>\n\n\t\t<\/div>\n\n\t\t\n<style>\n#section_653795900 {\n  padding-top: 30px;\n  padding-bottom: 30px;\n}\n<\/style>\n\t<\/section>\n\t\n\n","protected":false},"excerpt":{"rendered":"","protected":false},"author":2,"featured_media":0,"parent":0,"menu_order":0,"comment_status":"closed","ping_status":"closed","template":"","meta":{"bwfblock_default_font":"","_uag_custom_page_level_css":"","footnotes":""},"class_list":["post-12844","page","type-page","status-publish","hentry"],"uagb_featured_image_src":{"full":false,"thumbnail":false,"medium":false,"medium_large":false,"large":false,"1536x1536":false,"2048x2048":false,"woocommerce_thumbnail":false,"woocommerce_single":false,"woocommerce_gallery_thumbnail":false},"uagb_author_info":{"display_name":"IWantMyHealthBack","author_link":"https:\/\/iwantmyhealthback.com\/de\/author\/anthonette\/"},"uagb_comment_info":0,"uagb_excerpt":null,"_links":{"self":[{"href":"https:\/\/iwantmyhealthback.com\/de\/wp-json\/wp\/v2\/pages\/12844","targetHints":{"allow":["GET"]}}],"collection":[{"href":"https:\/\/iwantmyhealthback.com\/de\/wp-json\/wp\/v2\/pages"}],"about":[{"href":"https:\/\/iwantmyhealthback.com\/de\/wp-json\/wp\/v2\/types\/page"}],"author":[{"embeddable":true,"href":"https:\/\/iwantmyhealthback.com\/de\/wp-json\/wp\/v2\/users\/2"}],"replies":[{"embeddable":true,"href":"https:\/\/iwantmyhealthback.com\/de\/wp-json\/wp\/v2\/comments?post=12844"}],"version-history":[{"count":0,"href":"https:\/\/iwantmyhealthback.com\/de\/wp-json\/wp\/v2\/pages\/12844\/revisions"}],"wp:attachment":[{"href":"https:\/\/iwantmyhealthback.com\/de\/wp-json\/wp\/v2\/media?parent=12844"}],"curies":[{"name":"wp","href":"https:\/\/api.w.org\/{rel}","templated":true}]}}