{"id":12836,"date":"2024-01-20T17:44:25","date_gmt":"2024-01-20T21:44:25","guid":{"rendered":"https:\/\/iwantmyhealthback.com\/datenschutzbestimmungen\/"},"modified":"2025-05-21T03:09:20","modified_gmt":"2025-05-21T07:09:20","slug":"datenschutzbestimmungen","status":"publish","type":"page","link":"https:\/\/iwantmyhealthback.com\/de\/datenschutzbestimmungen\/","title":{"rendered":"Datenschutzbestimmungen"},"content":{"rendered":"\n\n\t<section class=\"section\" id=\"section_1323546167\">\n\t\t<div class=\"section-bg fill\" >\n\t\t\t\t\t\t\t\t\t\n\t\t\t\n\n\t\t<\/div>\n\n\t\t\n\n\t\t<div class=\"section-content relative\">\n\t\t\t\n\n<div class=\"row\"  id=\"row-2126857188\">\n\n\n\t<div id=\"col-1682961699\" class=\"col small-12 large-12\"  >\n\t\t\t\t<div class=\"col-inner\"  >\n\t\t\t\n\t\t\t\n\n\t<div id=\"text-3385992694\" class=\"text\">\n\t\t\n\n<h1><span style=\"font-size: 130%;\">Datenschutzbestimmungen<\/span><\/h1>\n<p>Datenschutzbestimmungen<\/p>\n<p><strong>Welche Informationen sammeln wir?<\/strong><\/p>\n<p class=\"p1\"><b>IWantmyHealthBack.Com<\/b><\/p>\n<p>sammelt Informationen von Ihnen, wenn Sie sich auf unserer Website registrieren, eine Bestellung aufgeben, unseren Newsletter abonnieren oder ein Formular ausf\u00fcllen.<\/p>\n<p>Wenn Sie auf unserer Website bestellen oder sich registrieren lassen, werden Sie gegebenenfalls aufgefordert, Ihren Namen, Ihre E-Mail-Adresse oder Ihre Postanschrift anzugeben. Sie k\u00f6nnen unsere Website jedoch auch anonym besuchen. <\/p>\n<p>Wof\u00fcr verwenden wir Ihre Informationen?<\/p>\n<p>Alle Informationen, die wir von Ihnen sammeln, k\u00f6nnen auf eine der folgenden Arten verwendet werden:<\/p>\n<ul>\n<li>Um Ihr Erlebnis zu personalisieren<br>(Ihre Informationen helfen uns, besser auf Ihre individuellen Bed\u00fcrfnisse einzugehen)<\/li>\n<li>Um unsere Website<br> zu verbessern (wir sind st\u00e4ndig bem\u00fcht, unser Website-Angebot auf der Grundlage der Informationen und R\u00fcckmeldungen, die wir von Ihnen erhalten, zu verbessern)<\/li>\n<li>Zur Verbesserung des Kundendienstes<br>(Ihre Informationen helfen uns, effektiver auf Ihre Kundendienstanfragen und Supportbed\u00fcrfnisse zu reagieren)<\/li>\n<li>Zur Abwicklung von Transaktionen<br>Ihre Daten, ob \u00f6ffentlich oder privat, werden nicht verkauft, ausgetauscht, \u00fcbertragen oder an andere Unternehmen weitergegeben, aus welchem Grund auch immer, ohne Ihre Zustimmung, au\u00dfer zum ausdr\u00fccklichen Zweck der Lieferung des gekauften Produkts oder der angeforderten Dienstleistung.<\/li>\n<li>Um einen Wettbewerb, eine Werbeaktion, eine Umfrage oder eine andere Funktion der Website zu verwalten<\/li>\n<li>So senden Sie regelm\u00e4\u00dfig E-Mails<\/li>\n<li>Die E-Mail-Adresse, die Sie f\u00fcr die Bestellabwicklung angeben, kann verwendet werden, um Ihnen Informationen und Aktualisierungen zu Ihrer Bestellung zuzusenden. Au\u00dferdem erhalten Sie gelegentlich Unternehmensnachrichten, Aktualisierungen, Informationen zu Produkten oder Dienstleistungen usw.<\/li>\n<\/ul>\n<p>Hinweis: Wenn Sie den Erhalt zuk\u00fcnftiger E-Mails jederzeit abbestellen m\u00f6chten, finden Sie am Ende jeder E-Mail eine ausf\u00fchrliche Anleitung zur Abbestellung.<\/p>\n<p><strong>Wie sch\u00fctzen wir Ihre Daten?<\/strong><\/p>\n<p>Wir setzen eine Reihe von Sicherheitsma\u00dfnahmen ein, um die Sicherheit Ihrer pers\u00f6nlichen Daten zu gew\u00e4hrleisten, wenn Sie eine Bestellung aufgeben oder Ihre pers\u00f6nlichen Daten eingeben, \u00fcbermitteln oder abrufen.<\/p>\n<p>Wir bieten die Verwendung eines sicheren Servers an. Alle bereitgestellten sensiblen Daten werden \u00fcber die Secure Socket Layer (SSL)-Technologie \u00fcbertragen und anschlie\u00dfend in der Datenbank unseres Zahlungsgateway-Anbieters verschl\u00fcsselt, so dass nur diejenigen darauf zugreifen k\u00f6nnen, die \u00fcber besondere Zugriffsrechte auf diese Systeme verf\u00fcgen und verpflichtet sind, die Daten vertraulich zu behandeln. <\/p>\n<p><strong>Verwenden wir Cookies?<\/strong><\/p>\n<p>Ja (Cookies sind kleine Dateien, die eine Website oder ihr Dienstanbieter \u00fcber Ihren Webbrowser auf die Festplatte Ihres Computers \u00fcbertr\u00e4gt (sofern Sie dies zulassen), damit die Systeme der Website oder des Dienstanbieters Ihren Browser erkennen und bestimmte Informationen erfassen und speichern k\u00f6nnen).<\/p>\n<p>Wir verwenden Cookies, um uns an die Artikel in Ihrem Einkaufswagen zu erinnern und diese zu verarbeiten, um Ihre Pr\u00e4ferenzen f\u00fcr zuk\u00fcnftige Besuche zu verstehen und zu speichern und um Werbung zu verfolgen.<\/p>\n<p><strong>Geben wir irgendwelche Informationen an Dritte weiter?<\/strong><\/p>\n<p>Wir werden Ihre personenbezogenen Daten nicht verkaufen, tauschen oder anderweitig an Dritte weitergeben. Davon ausgenommen sind vertrauensw\u00fcrdige Dritte, die uns beim Betrieb unserer Website, bei der Abwicklung unserer Gesch\u00e4fte oder bei der Erbringung von Dienstleistungen f\u00fcr Sie unterst\u00fctzen, sofern sich diese Parteien verpflichten, diese Informationen vertraulich zu behandeln. Wir k\u00f6nnen Ihre Daten auch weitergeben, wenn wir der Meinung sind, dass dies zur Einhaltung von Gesetzen, zur Durchsetzung unserer Website-Richtlinien oder zum Schutz unserer Rechte, unseres Eigentums oder der Sicherheit anderer angemessen ist. Nicht pers\u00f6nlich identifizierbare Besucherdaten k\u00f6nnen jedoch an andere Parteien f\u00fcr Marketing, Werbung oder andere Zwecke weitergegeben werden.   <\/p>\n<p><strong>Links von Dritten<\/strong><\/p>\n<p>Gelegentlich k\u00f6nnen wir nach unserem Ermessen Produkte oder Dienstleistungen von Dritten auf unserer Website einbinden oder anbieten. Diese Websites von Dritten haben separate und unabh\u00e4ngige Datenschutzrichtlinien. Wir \u00fcbernehmen daher keine Verantwortung oder Haftung f\u00fcr die Inhalte und Aktivit\u00e4ten dieser verlinkten Websites. Nichtsdestotrotz sind wir bestrebt, die Integrit\u00e4t unserer Website zu sch\u00fctzen und freuen uns \u00fcber jedes Feedback zu diesen Websites.   <\/p>\n<p><strong>Nur Online-Datenschutzerkl\u00e4rung<\/strong><\/p>\n<p>Diese Online-Datenschutzrichtlinie gilt nur f\u00fcr Informationen, die \u00fcber unsere Website gesammelt werden, und nicht f\u00fcr Informationen, die offline gesammelt werden.<\/p>\n<p><strong>Ihr Einverst\u00e4ndnis<\/strong><\/p>\n<p>Durch die Nutzung unserer Website erkl\u00e4ren Sie sich mit unserer Datenschutzrichtlinie einverstanden.<\/p>\n<p><strong>\u00c4nderungen an unserer Datenschutzrichtlinie<\/strong><\/p>\n<p>Wenn wir uns entscheiden, unsere Datenschutzrichtlinie zu \u00e4ndern, werden wir diese \u00c4nderungen auf dieser Seite ver\u00f6ffentlichen und\/oder das \u00c4nderungsdatum der Datenschutzrichtlinie unten aktualisieren.<\/p>\n<p>Diese Richtlinie wurde zuletzt am 27.11.2019 ge\u00e4ndert.<\/p>\n\t\t\n<style>\n#text-3385992694 {\n  line-height: 2.05;\n}\n<\/style>\n\t<\/div>\n\t\n\n\t\t<\/div>\n\t\t\t\t\t<\/div>\n\n\t\n\n<\/div>\n<div class=\"row align-middle align-center hide-for-small\"  id=\"row-55260660\">\n\n\n\t<div id=\"col-300512916\" class=\"col small-12 large-12\"  >\n\t\t\t\t<div class=\"col-inner text-center\"  >\n\t\t\t\n\t\t\t\n\n\t\t<div class=\"hidden\">\n\t\t\t\t\n\n<div class=\"uagb-container-inner-blocks-wrap\" style=\"font-family: Arial\"><p class=\"bwf-adv-heading bwf-adv-head-3a4912f bwf-width-default\"><a href=\"https:\/\/iwantmyhealthback.com\/de\/datenschutzbestimmungen\/\" data-type=\"page\" data-id=\"3\" target=\"_blank\" rel=\"noreferrer noopener\">Datenschutzrichtlinie<\/a> |&nbsp;<a href=\"https:\/\/iwantmyhealthback.com\/de\/bedingungen-und-konditionen\/\" data-type=\"page\" data-id=\"41\" target=\"_blank\" rel=\"noreferrer noopener\">Begriffe<\/a> |&nbsp;<a href=\"https:\/\/iwantmyhealthback.com\/de\/erstattungspolitik\/\" data-type=\"page\" data-id=\"10\" target=\"_blank\" rel=\"noreferrer noopener\">Erstattungsrichtlinie <\/a>|&nbsp;<a href=\"https:\/\/iwantmyhealthback.com\/de\/kontaktieren-sie-uns\/\" data-type=\"page\" data-id=\"42\" target=\"_blank\" rel=\"noreferrer noopener\">Kontakt<\/a><br>iWantMyHealthBack.com Copyright. Alle Rechte vorbehalten. <\/p><\/div>\n\t\t<\/div>\n\t\n\n\t\t<\/div>\n\t\t\t\t\t<\/div>\n\n\t\n\n<\/div>\n\n\t\t<\/div>\n\n\t\t\n<style>\n#section_1323546167 {\n  padding-top: 30px;\n  padding-bottom: 30px;\n}\n<\/style>\n\t<\/section>\n\t\n\n","protected":false},"excerpt":{"rendered":"","protected":false},"author":1,"featured_media":0,"parent":0,"menu_order":0,"comment_status":"closed","ping_status":"open","template":"","meta":{"bwfblock_default_font":"","_uag_custom_page_level_css":"","footnotes":""},"class_list":["post-12836","page","type-page","status-publish","hentry"],"uagb_featured_image_src":{"full":false,"thumbnail":false,"medium":false,"medium_large":false,"large":false,"1536x1536":false,"2048x2048":false,"woocommerce_thumbnail":false,"woocommerce_single":false,"woocommerce_gallery_thumbnail":false},"uagb_author_info":{"display_name":"IWantMyHealthBack","author_link":"https:\/\/iwantmyhealthback.com\/de\/author\/iwantmyhealth\/"},"uagb_comment_info":0,"uagb_excerpt":null,"_links":{"self":[{"href":"https:\/\/iwantmyhealthback.com\/de\/wp-json\/wp\/v2\/pages\/12836","targetHints":{"allow":["GET"]}}],"collection":[{"href":"https:\/\/iwantmyhealthback.com\/de\/wp-json\/wp\/v2\/pages"}],"about":[{"href":"https:\/\/iwantmyhealthback.com\/de\/wp-json\/wp\/v2\/types\/page"}],"author":[{"embeddable":true,"href":"https:\/\/iwantmyhealthback.com\/de\/wp-json\/wp\/v2\/users\/1"}],"replies":[{"embeddable":true,"href":"https:\/\/iwantmyhealthback.com\/de\/wp-json\/wp\/v2\/comments?post=12836"}],"version-history":[{"count":0,"href":"https:\/\/iwantmyhealthback.com\/de\/wp-json\/wp\/v2\/pages\/12836\/revisions"}],"wp:attachment":[{"href":"https:\/\/iwantmyhealthback.com\/de\/wp-json\/wp\/v2\/media?parent=12836"}],"curies":[{"name":"wp","href":"https:\/\/api.w.org\/{rel}","templated":true}]}}