{"id":12824,"date":"2024-07-07T04:28:05","date_gmt":"2024-07-07T08:28:05","guid":{"rendered":"https:\/\/iwantmyhealthback.com\/veroeffentlichungen-ueber-metadichol-auf-unabhaengigen-websites-verfuegbar\/"},"modified":"2025-09-25T07:46:09","modified_gmt":"2025-09-25T11:46:09","slug":"veroeffentlichungen-ueber-metadichol-auf-unabhaengigen-websites-verfuegbar","status":"publish","type":"page","link":"https:\/\/iwantmyhealthback.com\/de\/veroeffentlichungen-ueber-metadichol-auf-unabhaengigen-websites-verfuegbar\/","title":{"rendered":"Ver\u00f6ffentlichungen \u00fcber Metadichol\u00ae auf unabh\u00e4ngigen Websites verf\u00fcgbar"},"content":{"rendered":"\n\n\t<section class=\"section has-scroll-for-more\" id=\"section_1676911614\">\n\t\t<div class=\"section-bg fill\" >\n\t\t\t\t\t\t\t\t\t<button class=\"scroll-for-more z-5 icon absolute bottom h-center\" aria-label=\"Scrollen f\u00fcr mehr\"><i class=\"icon-angle-down\" aria-hidden=\"true\" style=\"font-size:42px;\"><\/i><\/button>\n\t\t\t\n\t<div class=\"is-border\"\n\t\tstyle=\"border-width:0px 0px 0px 0px;\">\n\t<\/div>\n\n\t\t<\/div>\n\n\t\t\n\n\t\t<div class=\"section-content relative\">\n\t\t\t\n\n<div class=\"row align-center\"  id=\"row-1524122489\">\n\n\n\t<div id=\"col-1294181017\" class=\"col medium-8 small-10 large-10\"  >\n\t\t\t\t<div class=\"col-inner text-center\"  >\n\t\t\t\n\t\t\t\n\n<h3>Wissenschaft<\/h3>\n<h2 style=\"font-size:250%;\">Ver\u00f6ffentlichungen \u00fcber Metadichol\u00ae auf unabh\u00e4ngigen Websites verf\u00fcgbar<\/h2>\n\n\t\t<\/div>\n\t\t\t\t\n<style>\n#col-1294181017 > .col-inner {\n  padding: 40px 0px 0px 0px;\n}\n<\/style>\n\t<\/div>\n\n\t\n\n<\/div>\n\n\t\t<\/div>\n\n\t\t\n<style>\n#section_1676911614 {\n  padding-top: 30px;\n  padding-bottom: 30px;\n}\n<\/style>\n\t<\/section>\n\t\n\n\t<section class=\"section\" id=\"section_357235110\">\n\t\t<div class=\"section-bg fill\" >\n\t\t\t\t\t\t\t\t\t\n\t\t\t\n\n\t\t<\/div>\n\n\t\t\n\n\t\t<div class=\"section-content relative\">\n\t\t\t\n\n<div class=\"row\"  id=\"row-1075357245\">\n\n\n\t<div id=\"col-1529676744\" class=\"col small-12 large-12\"  >\n\t\t\t\t<div class=\"col-inner\"  >\n\t\t\t\n\t\t\t\n\n<ol>\n<li>Journal of the Science of Healing Outcomes<br><a href=\"https:\/\/www.researchgate.net\/publication\/299405983_Inhibition_of_Dengue_and_other_enveloped_viruses_by_MetadicholR_a_novel_Nano_emulsion_Lipid\" target=\"_blank\" rel=\"noopener\">Hemmung von Dengue- und anderen umh\u00fcllten Viren durch Metadichol\u00ae, eine neuartige Nano-Emulsionsfl\u00fcssigkeit<\/a><\/li>\n<li>International Journal of Diabetes Complications<br><a href=\"https:\/\/www.researchgate.net\/publication\/316667038_Metadichol_R_A_Novel_Nano_Lipid_GPR_120_Agonist_International_Journal_of_Diabetes_its_Complications\" target=\"_blank\" rel=\"noopener\">Metadichol\u00ae, ein neuartiges Nano-Lipid; GPR 120 Agonist<\/a><\/li>\n<li>Journal of Stem Cell Research and Therapy<br><a href=\"https:\/\/www.researchgate.net\/publication\/331801306_The_Quest_for_Immortality_Introducing_MetadicholR_a_Novel_Telomerase_Activator\" target=\"_blank\" rel=\"noopener\">Das Streben nach Unsterblichkeit: Die Einf\u00fchrung von Metadichol\u00ae, einem neuartigen Telomerase-Aktivator<\/a><\/li>\n<li>Journal of Aging Science<br><a href=\"https:\/\/www.researchgate.net\/publication\/315066467_Improving_Longevity_with_Metadichol_R_by_Inhibiting_the_BCAT1_Gene\" target=\"_blank\" rel=\"noopener\">Verbesserung der Langlebigkeit mit Metadichol\u00ae durch Hemmung des BCAT1-Gens<\/a><\/li>\n<li>Journal of Cancer Science and Therapy<br><a href=\"https:\/\/www.researchgate.net\/publication\/320575110_Metadichol_R_A_Novel_Inverse_Agonist_of_Aryl_Hydrocarbon_Receptor_AHR_and_NRF2_Inhibitor\" target=\"_blank\" rel=\"noopener\">Metadichol\u00ae: Ein neuartiger inverser Agonist des Aryl-Kohlenwasserstoff-Rezeptors (AHR) und NRF2-Inhibitor<\/a><\/li>\n<li>P\u00e4diatrische Infektionskrankheiten<br><a href=\"https:\/\/pediatric-infectious-disease.imedpub.com\/inhibition-of-viruses-by-metadichol-a-novel-nano-emulsion-lipid.pdf\" target=\"_blank\" rel=\"noopener\">Inhibition von Viren durch Metadichol\u00ae: Eine neuartige Nano-Emulsionsfl\u00fcssigkeit<\/a><\/li>\n<li>Journal of Clinical and Experimental Dermatology Research<br><a href=\"https:\/\/www.researchgate.net\/publication\/323858054_MetadicholR_and_Healthy_Skin_One_Approach_many_Possible_Cures\" target=\"_blank\" rel=\"noopener\">Metadichol\u00ae und gesunde Haut<\/a><\/li>\n<li>Internationale Konferenz: Wissenschaftliche Meilensteine zum Verst\u00e4ndnis und zur Vorbeugung der Grippe<br><a href=\"https:\/\/www.researchgate.net\/publication\/311858466_Metadichol_a_novel_ICAM-1_inhibitor\" target=\"_blank\" rel=\"noopener\">Metadichol\u00ae: Ein neuartiger ICAM-1-Hemmer<\/a><\/li>\n<li>Vitamine &amp; Mineralien<br><a href=\"https:\/\/www.researchgate.net\/publication\/318503533_MetadicholR_and_Vitamin_C_Increase_In_Vivo_an_Open-Label_Study\" target=\"_blank\" rel=\"noopener\">Metadichol\u00ae und Vitamin C erh\u00f6hen in Vivo, eine Open-Label-Studie<\/a><\/li>\n<li>Journal of Immunological Techniques in Infectious Diseases<br><a href=\"https:\/\/www.researchgate.net\/publication\/310297987_In_vitro_Inhibition_of_Zika_Virus_by_MetadicholR_A_Novel_Nano_Emulsion_Lipid\" target=\"_blank\" rel=\"noopener\">In Vitro Inhibition of Zika Virus by Metadichol\u00ae: Eine neuartige Nano-Emulsionsfl\u00fcssigkeit<\/a><\/li>\n<li>Journal of Infectious Diseases and Therapy<br><a href=\"https:\/\/www.researchgate.net\/publication\/316490972_Metadichol_R_and_MRSA_Infections_A_Case_Report\" target=\"_blank\" rel=\"noopener\">Metadichol\u00ae und MRSA-Infektionen: Ein Fallbericht<\/a><\/li>\n<li>Journal of Cardiology &amp; Cardiovascular Therapy<br> Systolischer<a href=\"https:\/\/www.researchgate.net\/publication\/319105325_Systolic_and_Diastolic_BP_Control_in_Metabolic_Syndrome_Patients_with_MetadicholR_a_Novel_Nano_Emulsion_Lipid\" target=\"_blank\" rel=\"noopener\">und diastolischer Blutdruck beim Metabolischen Syndrom: Metadichol\u00ae, eine neuartige Nano-Emulsionsfl\u00fcssigkeit<\/a><\/li>\n<li>Biologie und Medizin<br><a href=\"https:\/\/www.researchgate.net\/publication\/322274937_MetadicholR_Vitamin_C_and_GULO_Gene_Expression_in_Mouse_Adipocytes\" target=\"_blank\" rel=\"noopener\">Metadichol\u00ae, Vitamin C und GULO Genexpression in Maus-Adipozyten<\/a><\/li>\n<li>Journal of Cytokine Biology<br> Ein<a href=\"https:\/\/www.researchgate.net\/publication\/330566281_A_Multi_Gene_Targeting_Approach_to_Treating_Liver_Diseases_with_MetadicholR\" target=\"_blank\" rel=\"noopener\">Multi-Gen-Targeting-Ansatz zur Behandlung von Lebererkrankungen mit Metadichol\u00ae<\/a><\/li>\n<li>Biologie und Medizin<br><a href=\"https:\/\/www.researchgate.net\/publication\/332210859_Metadichol_A_Novel_Inverse_Agonist_of_Thyroid_Receptor_and_its_Applications_in_Thyroid_Diseases\" target=\"_blank\" rel=\"noopener\">Metadichol\u00ae, ein neuartiger inverser Agonist des Schilddr\u00fcsenrezeptors und seine Anwendungen bei Schilddr\u00fcsenerkrankungen<\/a><\/li>\n<li>Journal of Stem Cell Research and Therapy<br><a href=\"https:\/\/www.researchgate.net\/publication\/330321249_MetadicholR_and_CD33_Expression_in_Umbilical_Cord_Cells\" target=\"_blank\" rel=\"noopener\">Metadichol\u00ae und CD34 Expression in Nabelschnurzellen<\/a><\/li>\n<li>Journal of Cancer Science and Therapy<br><a href=\"https:\/\/www.researchgate.net\/publication\/328913716_Metadichol_R_a_Novel_Agonist_of_the_Anti-aging_Klotho_Gene_in_Cancer_Cell_Lines\" target=\"_blank\" rel=\"noopener\">Metadichol\u00ae: Ein neuartiger Agonist des Anti-Aging Klotho-Gens in Krebszelllinien<\/a><\/li>\n<li>Journal of Stem Cell Research and Therapy<br><a href=\"https:\/\/www.researchgate.net\/publication\/330321249_MetadicholR_and_CD33_Expression_in_Umbilical_Cord_Cells\" target=\"_blank\" rel=\"noopener\">Metadichol\u00ae, CD33 Expression in Nabelschnurzellen<\/a><\/li>\n<li>Journal of Clinical and ExperimentalDermatology Research<br><a href=\"https:\/\/www.researchgate.net\/publication\/321254529_Metadichol_A_Novel_ROR_Gamma_Inverse_Agonist_and_Its_Applications_in_Psoriasis\" target=\"_blank\" rel=\"noopener\">Metadichol\u00ae: Ein neuartiger ROR-Gamma-Inverse-Agonist und seine Anwendungen bei Psoriasis<\/a><\/li>\n<li>Journal of Arthritis<br><a href=\"https:\/\/www.researchgate.net\/publication\/316906011_Rheumatoid_Arthritis_and_Osteoporosis_A_Case_Study\" target=\"_blank\" rel=\"noopener\">Rheumatoide Arthritis und Osteoporose: Eine Fallstudie<\/a><\/li>\n<li>Journal of Stem Cell Research and Therapy<br><a href=\"https:\/\/www.researchgate.net\/publication\/318341368_MetadicholR_and_Red_Cell_Distribution_Width_RDW_in_CKD_patients\" target=\"_blank\" rel=\"noopener\">Metadichol\u00ae und die Breite der Erythrozytenverteilung (RDW) bei CKD-Patienten<\/a><\/li>\n<li>Vitamine und Mineralien<br><a href=\"https:\/\/www.researchgate.net\/publication\/319904105_Metadichol_R_Induced_High_Levels_of_Vitamin_C_Case_Studies\" target=\"_blank\" rel=\"noopener\">Metadichol\u00ae induziert hohe Vitamin-C-Spiegel: Fallstudien<\/a><\/li>\n<li>Journal of Diabetes &amp; Metabolism<br><a href=\"https:\/\/www.researchgate.net\/publication\/315926901_Metadichol_a_novel_nano_lipid_emulsion_for_the_treatment_of_diabetes\" target=\"_blank\" rel=\"noopener\">Metadichol\u00ae, eine neuartige Nano-Lipid-Emulsion zur Behandlung von Diabetes<\/a><\/li>\n<li>Journal of Stem Cell Research &amp; Therapy<br><a href=\"https:\/\/www.researchgate.net\/publication\/333429169_Metadichol_R_a_Novel_Sialidase_Inhibitor\" target=\"_blank\" rel=\"noopener\">Metadichol\u00ae, ein neuartiger Sialidase-Inhibitor<\/a><\/li>\n<li>Journal of Stem Cell Research and Therapy<br><a href=\"https:\/\/www.researchgate.net\/publication\/326510908_Umbilical_Cord_Cells_Treatment_with_MetadicholR_IRS_Proteins_and_GLUT4_Expression_and_Implications_for_Diabetes\" target=\"_blank\" rel=\"noopener\">Behandlung von Nabelschnurzellen mit Metadichol\u00ae IRS-Proteine und GLUT4-Expression und Auswirkungen auf Diabetes<\/a><\/li>\n<li>BioMed Forschung International\n<p class=\"\"><a href=\"https:\/\/www.researchgate.net\/publication\/357862879_MetadicholR_A_Novel_Nanolipid_Formulation_That_Inhibits_SARS-CoV-2_and_a_Multitude_of_Pathological_Viruses_In_Vitro\" target=\"_blank\" rel=\"noopener\">Metadichol\u00ae: Eine neuartige Nanolipid-Formulierung, die SARS-CoV-2 und eine Vielzahl von pathologischen Viren in vitro hemmt<\/a><\/p>\n<\/li>\n<li>Medical Research Archives<br><a href=\"https:\/\/www.researchgate.net\/publication\/381949632_Metadichol_a_Natural_Ligand_for_the_Expression_of_Yamanaka_Reprogramming_Factors_in_Human_Cardiac_Fibroblast_and_Cancer_Cell_Lines\" target=\"_blank\" rel=\"noopener\"><sup>Metadichol\u00ae<\/sup>, ein nat\u00fcrlicher Ligand f\u00fcr die Expression der Yamanaka-Reprogrammierungsfaktoren in somatischen und prim\u00e4ren Krebszelllinien<\/a><\/li>\n<li>Archives of Clinical and BioMedical Research<br><a href=\"https:\/\/www.researchgate.net\/publication\/375019990_MetadicholR_A_Nano_Lipid_Emulsion_that_Expresses_All_49_Nuclear_Receptors_in_Stem_and_Somatic_Cells\" target=\"_blank\" rel=\"noopener\"><sup>Metadichol\u00ae<\/sup> ist eine Nano-Lipid-Emulsion, die alle 48 Kernrezeptoren in Stamm- und K\u00f6rperzellen exprimiert<\/a><\/li>\n<li>Fortune Journal of Health Sciences<br><a href=\"https:\/\/www.researchgate.net\/publication\/374460077_Metadichol_An_Agonist_that_Expresses_the_Anti-aging_gene_Klotho_in_Various_Cell_Lines\" target=\"_blank\" rel=\"noopener\"><sup>Metadichol\u00ae<\/sup>; Ein Agonist, der das Anti-Aging-Gen Klotho in verschiedenen Zelllinien exprimiert<\/a><\/li>\n<li>Journal of Bioinformatics and Systems Biology<br><a href=\"https:\/\/www.researchgate.net\/publication\/374694623_MetadicholR_Induced_the_Expression_of_Neuronal_Transcription_Factors_in_Human_Fibroblast_Dermal_Cells\" target=\"_blank\" rel=\"noopener\"><sup>Metadichol\u00ae<\/sup> induziert die Expression neuronaler Transkriptionsfaktoren bei menschlichen Fibroblasten-Hautzellen<\/a><\/li>\n<li>Kardiologie und kardiovaskul\u00e4re Medizin<br><a href=\"https:\/\/www.researchgate.net\/publication\/373374076_Metadichol_Treatment_of_Fibroblasts_and_Embryonic_Stem_Cells_Regulates_Key_Cardiac_Progenitors\" target=\"_blank\" rel=\"noopener\">Die Behandlung von Fibroblasten und embryonalen Stammzellen mit <sup>Metadichol\u00ae<\/sup> reguliert wichtige Vorl\u00e4uferzellen des Herzens<\/a><\/li>\n<li>Medical Research Archives<br><a href=\"https:\/\/www.researchgate.net\/publication\/376178465_Metadichol-Induced_Differentiation_of_Pancreatic_Ductal_Cells_PANC-1_into_Insulin-Producing_Cells\" target=\"_blank\" rel=\"noopener\">Metadichol induziert die Differenzierung von Duktuszellen der Bauchspeicheldr\u00fcse (PANC-1) in insulinproduzierende Zellen<\/a><\/li>\n<li>Vorgedruckte Forschung von Dr. Raghavan \u00fcber Anti-Aging-Eigenschaften\n<p class=\"\"><a href=\"https:\/\/www.researchgate.net\/publication\/372606542_MetadicholR_a_Sirtuin_Modulator_for_Anti-Aging_Therapies?_tp=eyJjb250ZXh0Ijp7ImZpcnN0UGFnZSI6InByb2ZpbGUiLCJwYWdlIjoicHJvZmlsZSJ9fQ\" target=\"_blank\" rel=\"noopener\">Metadichol\u00ae ein Sirtuin-Modulator f\u00fcr Anti-Aging-Therapien<\/a><\/p>\n<\/li>\n<li>Medical Research Archives<br><a href=\"https:\/\/www.researchgate.net\/publication\/381948213_MetadicholR-induced_expression_of_circadian_clock_transcription_factors_in_human_fibroblasts\" target=\"_blank\" rel=\"noopener\">Metadichol\u00ae-induzierte Expression von Transkriptionsfaktoren der zirkadianen Uhr in menschlichen Fibroblasten<\/a><\/li>\n<li>Medical Research Archives<br><a href=\"https:\/\/www.researchgate.net\/publication\/381932134_MetadicholR_induced_expression_of_Sirtuin_family_1-7_in_somatic_and_cancer_cells\" target=\"_blank\" rel=\"noopener\">Metadichol\u00ae induziert die Expression der Sirtuin-Familie 1-7 in somatischen und Krebszellen<\/a><\/li>\n<li>British Journal of Cancer Research<br><a href=\"https:\/\/www.researchgate.net\/publication\/387857051_Metadichol_A_Modulator_that_Controls_Expression_of_Toll_Like_Receptors_in_Cancer_Cell_Lines_Cell_Lines\" target=\"_blank\" rel=\"noopener\">Metadichol, ein Modulator, der die Expression von Toll Like Receptors in Krebszelllinien steuert Zelllinien<\/a><\/li>\n<li>Medical Research Archives<br><a href=\"https:\/\/www.researchgate.net\/publication\/392389940_Metadichol_induces_CD14_glycoprotein_expression_in_human_embryonic_stem_cells_and_fibroblasts\" target=\"_blank\" rel=\"noopener\">Metadichol induziert die Expression des Glykoproteins CD14 in menschlichen embryonalen Stammzellen und Fibroblasten<\/a><\/li>\n<li>Vorgedruckte Forschungsergebnisse von Dr. Raghavan \u00fcber angeborene Immunit\u00e4t und Vitamin D-Bindungsprotein<br> VDR<a href=\"https:\/\/www.researchgate.net\/publication\/392467315_VDR_Inverse_Agonism_by_Metadichol_Enhances_VDBP-Mediated_Immunity\" target=\"_blank\" rel=\"noopener\">Inverse Agonism by Metadichol Enhanced VDBP-Mediated Immunity<\/a><\/li>\n<li>Medical Research Archives<br><a href=\"https:\/\/www.researchgate.net\/publication\/393344510_Synergistic_Targeting_of_KLF_and_Other_Related_Signaling_Pathways_by_Metadichol_A_Multidimensional_Anticancer_Strategy\" target=\"_blank\" rel=\"noopener\">Synergistisches Targeting von KLF und anderen verwandten Signalwegen durch Metadichol: Eine multidimensionale Krebsbek\u00e4mpfungsstrategie<\/a><\/li>\n<li>Medical Research Archives<br><a href=\"https:\/\/www.researchgate.net\/publication\/393453773_Metadichol-Pluripotency\" target=\"_blank\" rel=\"noopener\">Metadichol orchestriert Pluripotenz \u00fcber nukleare Rezeptoren w\u00e4hrend der zellul\u00e4ren Reprogrammierung<\/a><\/li>\n<li>Vorgedruckte Forschung von Dr. Raghavan \u00fcber die SOX-Familie von Transkriptionsfaktoren<br><a href=\"https:\/\/www.researchgate.net\/publication\/394464231_Metadichol_regulates_Sox_network_in_human_peripheral_blood_mononuclear_cells\" target=\"_blank\" rel=\"noopener\">Metadichol reguliert das Sox-Netzwerk in menschlichen peripheren mononukle\u00e4ren Blutzellen<\/a><\/li>\n<li>Vorabgedruckte Forschungsergebnisse von Dr. Raghavan \u00fcber die FOX-Transkriptionsfaktor-Familie <br><a href=\"https:\/\/www.researchgate.net\/publication\/394739230_Metadichol_Orchestrates_Cellular_Reprogramming_and_Regenerative_Pathways_via_FOX_Transcription_Factor_Networks_Implications_for_Immune-Metabolic_Rejuvenation\" target=\"_blank\" rel=\"noopener\">Metadichol orchestriert zellul\u00e4re Reprogrammierung und Regenerationswege \u00fcber FOX-Transkriptionsfaktor-Netzwerke: Implikationen f\u00fcr die immun-metabolische Verj\u00fcngung<\/a><\/li>\n<li>Vorgedruckte Forschungsergebnisse von Dr. Raghavan \u00fcber die Vitamin C-Biosynthese<br><a href=\"https:\/\/www.researchgate.net\/publication\/394968451_MT-GULO-VITC\" target=\"_blank\" rel=\"noopener\">Metadichol stimuliert die Genexpression bei verschiedenen S\u00e4ugetierarten: Dosis-Wirkungs-Charakterisierung und Implikationen f\u00fcr die Wiederherstellung der Vitamin-C-Biosynthese<\/a><\/li>\n<\/ol>\n\n\t\t<\/div>\n\t\t\t\t\t<\/div>\n\n\t\n\n<\/div>\n\n\t\t<\/div>\n\n\t\t\n<style>\n#section_357235110 {\n  padding-top: 30px;\n  padding-bottom: 30px;\n}\n<\/style>\n\t<\/section>\n\t\n\n","protected":false},"excerpt":{"rendered":"","protected":false},"author":2,"featured_media":0,"parent":0,"menu_order":0,"comment_status":"closed","ping_status":"closed","template":"","meta":{"bwfblock_default_font":"","_uag_custom_page_level_css":"","footnotes":""},"class_list":["post-12824","page","type-page","status-publish","hentry"],"uagb_featured_image_src":{"full":false,"thumbnail":false,"medium":false,"medium_large":false,"large":false,"1536x1536":false,"2048x2048":false,"woocommerce_thumbnail":false,"woocommerce_single":false,"woocommerce_gallery_thumbnail":false},"uagb_author_info":{"display_name":"IWantMyHealthBack","author_link":"https:\/\/iwantmyhealthback.com\/de\/author\/anthonette\/"},"uagb_comment_info":0,"uagb_excerpt":null,"_links":{"self":[{"href":"https:\/\/iwantmyhealthback.com\/de\/wp-json\/wp\/v2\/pages\/12824","targetHints":{"allow":["GET"]}}],"collection":[{"href":"https:\/\/iwantmyhealthback.com\/de\/wp-json\/wp\/v2\/pages"}],"about":[{"href":"https:\/\/iwantmyhealthback.com\/de\/wp-json\/wp\/v2\/types\/page"}],"author":[{"embeddable":true,"href":"https:\/\/iwantmyhealthback.com\/de\/wp-json\/wp\/v2\/users\/2"}],"replies":[{"embeddable":true,"href":"https:\/\/iwantmyhealthback.com\/de\/wp-json\/wp\/v2\/comments?post=12824"}],"version-history":[{"count":0,"href":"https:\/\/iwantmyhealthback.com\/de\/wp-json\/wp\/v2\/pages\/12824\/revisions"}],"wp:attachment":[{"href":"https:\/\/iwantmyhealthback.com\/de\/wp-json\/wp\/v2\/media?parent=12824"}],"curies":[{"name":"wp","href":"https:\/\/api.w.org\/{rel}","templated":true}]}}