{"id":12822,"date":"2024-01-22T16:53:16","date_gmt":"2024-01-22T20:53:16","guid":{"rendered":"https:\/\/iwantmyhealthback.com\/erstattungspolitik\/"},"modified":"2025-05-21T03:09:06","modified_gmt":"2025-05-21T07:09:06","slug":"erstattungspolitik","status":"publish","type":"page","link":"https:\/\/iwantmyhealthback.com\/de\/erstattungspolitik\/","title":{"rendered":"Erstattungspolitik"},"content":{"rendered":"\n\n\t<section class=\"section\" id=\"section_745259107\">\n\t\t<div class=\"section-bg fill\" >\n\t\t\t\t\t\t\t\t\t\n\t\t\t\n\n\t\t<\/div>\n\n\t\t\n\n\t\t<div class=\"section-content relative\">\n\t\t\t\n\n<div class=\"row\"  id=\"row-845187604\">\n\n\n\t<div id=\"col-172463736\" class=\"col small-12 large-12\"  >\n\t\t\t\t<div class=\"col-inner\"  >\n\t\t\t\n\t\t\t\n\n\t<div id=\"text-951488887\" class=\"text\">\n\t\t\n\n<h1><span style=\"font-size: 130%;\">Erstattungspolitik<\/span><\/h1>\n<p>Danke, dass Sie unsere Produkte bei iWantMyHealthBack.com gekauft haben.<\/p>\n<p>Um f\u00fcr eine R\u00fcckerstattung in Frage zu kommen, m\u00fcssen Sie das Produkt innerhalb von 30 Kalendertagen nach dem Kauf zur\u00fcckgeben. Das Produkt muss sich in demselben Zustand befinden, in dem Sie es erhalten haben, und darf in keiner Weise besch\u00e4digt sein. <\/p>\n<p>Nachdem wir Ihren Artikel erhalten haben, wird unser Team von Fachleuten ihn \u00fcberpr\u00fcfen und Ihre R\u00fcckerstattung bearbeiten. Das Geld wird auf die urspr\u00fcngliche Zahlungsmethode zur\u00fcckerstattet, die Sie beim Kauf verwendet haben. Bei Zahlungen mit Kreditkarte kann es 5 bis 10 Werktage dauern, bis die R\u00fcckerstattung auf Ihrer Kreditkartenabrechnung erscheint.  <\/p>\n<p>Wenn das Produkt in irgendeiner Weise besch\u00e4digt ist oder Sie die R\u00fcckgabe nach Ablauf von 30 Kalendertagen veranlasst haben, haben Sie keinen Anspruch auf eine R\u00fcckerstattung.<\/p>\n<p>Wenn etwas unklar ist oder Sie weitere Fragen haben, wenden Sie sich bitte an unser Kundendienstteam unter <a href=\"mailto:@iwantmyhealthback.com\">help@iwantmyhealthback.com<\/a><\/p>\n\t\t\n<style>\n#text-951488887 {\n  line-height: 2.05;\n  color: rgb(0,0,0);\n}\n#text-951488887 > * {\n  color: rgb(0,0,0);\n}\n<\/style>\n\t<\/div>\n\t\n\n\t\t<\/div>\n\t\t\t\t\t<\/div>\n\n\t\n\n<\/div>\n<div class=\"row align-middle align-center\"  id=\"row-1533585449\">\n\n\n\t<div id=\"col-1635579269\" class=\"col small-12 large-12\"  >\n\t\t\t\t<div class=\"col-inner text-center\"  >\n\t\t\t\n\t\t\t\n\n\t\t<div class=\"hidden\">\n\t\t\t\t\n\n<div class=\"uagb-container-inner-blocks-wrap\" style=\"font-family: Arial\"><p class=\"bwf-adv-heading bwf-adv-head-3a4912f bwf-width-default\"><a href=\"https:\/\/iwantmyhealthback.com\/de\/datenschutzbestimmungen\/\" data-type=\"page\" data-id=\"3\" target=\"_blank\" rel=\"noreferrer noopener\">Datenschutzrichtlinie<\/a> |&nbsp;<a href=\"https:\/\/iwantmyhealthback.com\/de\/bedingungen-und-konditionen\/\" data-type=\"page\" data-id=\"41\" target=\"_blank\" rel=\"noreferrer noopener\">Begriffe<\/a> |&nbsp;<a href=\"https:\/\/iwantmyhealthback.com\/de\/erstattungspolitik\/\" data-type=\"page\" data-id=\"10\" target=\"_blank\" rel=\"noreferrer noopener\">Erstattungsrichtlinie <\/a>|&nbsp;<a href=\"https:\/\/iwantmyhealthback.com\/de\/kontaktieren-sie-uns\/\" data-type=\"page\" data-id=\"42\" target=\"_blank\" rel=\"noreferrer noopener\">Kontakt<\/a><br>iWantMyHealthBack.com Copyright. Alle Rechte vorbehalten. <\/p><\/div>\n\t\t<\/div>\n\t\n\n\t\t<\/div>\n\t\t\t\t\t<\/div>\n\n\t\n\n<\/div>\n\n\t\t<\/div>\n\n\t\t\n<style>\n#section_745259107 {\n  padding-top: 30px;\n  padding-bottom: 30px;\n}\n<\/style>\n\t<\/section>\n\t\n\t<div id=\"gap-1886628519\" class=\"gap-element clearfix\" style=\"display:block; height:auto;\">\n\t\t\n<style>\n#gap-1886628519 {\n  padding-top: 27px;\n}\n@media (min-width:550px) {\n  #gap-1886628519 {\n    padding-top: 100px;\n  }\n}\n<\/style>\n\t<\/div>\n\t\n\n\n","protected":false},"excerpt":{"rendered":"","protected":false},"author":1,"featured_media":0,"parent":0,"menu_order":0,"comment_status":"closed","ping_status":"closed","template":"","meta":{"bwfblock_default_font":"","_uag_custom_page_level_css":"","footnotes":""},"class_list":["post-12822","page","type-page","status-publish","hentry"],"uagb_featured_image_src":{"full":false,"thumbnail":false,"medium":false,"medium_large":false,"large":false,"1536x1536":false,"2048x2048":false,"woocommerce_thumbnail":false,"woocommerce_single":false,"woocommerce_gallery_thumbnail":false},"uagb_author_info":{"display_name":"IWantMyHealthBack","author_link":"https:\/\/iwantmyhealthback.com\/de\/author\/iwantmyhealth\/"},"uagb_comment_info":0,"uagb_excerpt":null,"_links":{"self":[{"href":"https:\/\/iwantmyhealthback.com\/de\/wp-json\/wp\/v2\/pages\/12822","targetHints":{"allow":["GET"]}}],"collection":[{"href":"https:\/\/iwantmyhealthback.com\/de\/wp-json\/wp\/v2\/pages"}],"about":[{"href":"https:\/\/iwantmyhealthback.com\/de\/wp-json\/wp\/v2\/types\/page"}],"author":[{"embeddable":true,"href":"https:\/\/iwantmyhealthback.com\/de\/wp-json\/wp\/v2\/users\/1"}],"replies":[{"embeddable":true,"href":"https:\/\/iwantmyhealthback.com\/de\/wp-json\/wp\/v2\/comments?post=12822"}],"version-history":[{"count":0,"href":"https:\/\/iwantmyhealthback.com\/de\/wp-json\/wp\/v2\/pages\/12822\/revisions"}],"wp:attachment":[{"href":"https:\/\/iwantmyhealthback.com\/de\/wp-json\/wp\/v2\/media?parent=12822"}],"curies":[{"name":"wp","href":"https:\/\/api.w.org\/{rel}","templated":true}]}}